{"id":2008,"date":"2025-03-26T12:43:24","date_gmt":"2025-03-26T17:43:24","guid":{"rendered":"https:\/\/www.spinvet.com\/?page_id=2008"},"modified":"2025-03-27T18:47:18","modified_gmt":"2025-03-27T23:47:18","slug":"formulario-registrospin","status":"publish","type":"page","link":"https:\/\/www.spinvet.com\/en\/formulario-registrospin\/","title":{"rendered":"Formulario RegistroSPIN"},"content":{"rendered":"\t\t<div data-elementor-type=\"wp-page\" data-elementor-id=\"2008\" class=\"elementor elementor-2008\" data-elementor-post-type=\"page\">\n\t\t\t\t<div class=\"elementor-element elementor-element-74859ce e-flex e-con-boxed e-con e-parent\" data-id=\"74859ce\" data-element_type=\"container\" data-e-type=\"container\" data-settings=\"{&quot;jet_parallax_layout_list&quot;:[],&quot;background_background&quot;:&quot;classic&quot;}\">\n\t\t\t\t\t<div class=\"e-con-inner\">\n\t\t\t\t<div class=\"elementor-element elementor-element-6af4acf elementor-widget elementor-widget-heading\" data-id=\"6af4acf\" data-element_type=\"widget\" data-e-type=\"widget\" data-widget_type=\"heading.default\">\n\t\t\t\t\t<h2 class=\"elementor-heading-title elementor-size-default\">Formato de registro SPIN<\/h2>\t\t\t\t<\/div>\n\t\t\t\t<div class=\"elementor-element elementor-element-ea83914 elementor-widget elementor-widget-text-editor\" data-id=\"ea83914\" data-element_type=\"widget\" data-e-type=\"widget\" data-widget_type=\"text-editor.default\">\n\t\t\t\t\t\t\t\t\t<p>Queremos darle la bienvenida a nuestra web, reg\u00edstrese para recibir toda la informaci\u00f3n y actualizaciones de nuestra compa\u00f1\u00eda. Con su registro podr\u00e1 tener acceso exclusivo a noticias e informaci\u00f3n valiosa de nuestros productos, programas y actividades.<\/p>\t\t\t\t\t\t\t\t<\/div>\n\t\t\t\t<div class=\"elementor-element elementor-element-4eb906d elementor-widget__width-initial elementor-widget elementor-widget-wpforms\" data-id=\"4eb906d\" data-element_type=\"widget\" data-e-type=\"widget\" data-widget_type=\"wpforms.default\">\n\t\t\t\t<div class=\"elementor-widget-container\">\n\t\t\t\t\t<style id=\"wpforms-css-vars-elementor-widget-4eb906d\">\n\t\t\t\t.elementor-widget-wpforms.elementor-element-4eb906d {\n\t\t\t\t--wpforms-field-size-input-height: 31px;\n--wpforms-field-size-input-spacing: 10px;\n--wpforms-field-size-font-size: 14px;\n--wpforms-field-size-line-height: 17px;\n--wpforms-field-size-padding-h: 9px;\n--wpforms-field-size-checkbox-size: 14px;\n--wpforms-field-size-sublabel-spacing: 5px;\n--wpforms-field-size-icon-size: 0.75;\n\t\t\t}\n\t\t\t<\/style><div class=\"wpforms-container wpforms-container-full wpforms-render-modern\" id=\"wpforms-1987\"><form id=\"wpforms-form-1987\" class=\"wpforms-validate wpforms-form\" data-formid=\"1987\" method=\"post\" enctype=\"multipart\/form-data\" action=\"\/en\/wp-json\/wp\/v2\/pages\/2008\" data-token=\"fa9af21552915f34276ca941736a3f84\" data-token-time=\"1778079517\"><noscript class=\"wpforms-error-noscript\">Please enable JavaScript in your browser to complete this form.<\/noscript><div id=\"wpforms-error-noscript\" style=\"display: none;\">Please enable JavaScript in your browser to complete this form.<\/div><div class=\"wpforms-field-container\">\t\t<div id=\"wpforms-1987-field_8-container\"\n\t\t\tclass=\"wpforms-field wpforms-field-text\"\n\t\t\tdata-field-type=\"text\"\n\t\t\tdata-field-id=\"8\"\n\t\t\t>\n\t\t\t<label class=\"wpforms-field-label\" for=\"wpforms-1987-field_8\" >Usuario Email Layout<\/label>\n\t\t\t<input type=\"text\" id=\"wpforms-1987-field_8\" class=\"wpforms-field-medium\" name=\"wpforms[fields][8]\" >\n\t\t<\/div>\n\t\t<div id=\"wpforms-1987-field_6-container\" class=\"wpforms-field wpforms-field-layout\" data-field-id=\"6\"><div class=\"wpforms-field-layout-rows wpforms-field-large\"><div class=\"wpforms-layout-row\"><div class=\"wpforms-layout-column wpforms-layout-column-50\"><div id=\"wpforms-1987-field_1-container\" class=\"wpforms-field wpforms-field-name\" data-field-id=\"1\"><fieldset><legend class=\"wpforms-field-label\">Nombre <span class=\"wpforms-required-label\" aria-hidden=\"true\">*<\/span><\/legend><div class=\"wpforms-field-row wpforms-field-medium\"><div class=\"wpforms-field-row-block wpforms-first wpforms-one-half\"><input type=\"text\" id=\"wpforms-1987-field_1\" class=\"wpforms-field-name-first wpforms-field-required\" name=\"wpforms[fields][1][first]\" aria-errormessage=\"wpforms-1987-field_1-error\" required><label for=\"wpforms-1987-field_1\" class=\"wpforms-field-sublabel after\">First<\/label><\/div><div class=\"wpforms-field-row-block wpforms-one-half\"><input type=\"text\" id=\"wpforms-1987-field_1-last\" class=\"wpforms-field-name-last wpforms-field-required\" name=\"wpforms[fields][1][last]\" aria-errormessage=\"wpforms-1987-field_1-last-error\" required><label for=\"wpforms-1987-field_1-last\" class=\"wpforms-field-sublabel after\">Last<\/label><\/div><\/div><\/fieldset><\/div><\/div><div class=\"wpforms-layout-column wpforms-layout-column-50\"><div id=\"wpforms-1987-field_3-container\" class=\"wpforms-field wpforms-field-email\" data-field-id=\"3\"><label class=\"wpforms-field-label\" for=\"wpforms-1987-field_3\">Email <span class=\"wpforms-required-label\" aria-hidden=\"true\">*<\/span><\/label><input type=\"email\" id=\"wpforms-1987-field_3\" class=\"wpforms-field-medium wpforms-field-required\" name=\"wpforms[fields][3]\" spellcheck=\"false\" aria-errormessage=\"wpforms-1987-field_3-error\" required><\/div><\/div><\/div><\/div><\/div><div id=\"wpforms-1987-field_7-container\" class=\"wpforms-field wpforms-field-layout\" data-field-id=\"7\"><div class=\"wpforms-field-layout-rows wpforms-field-large\"><div class=\"wpforms-layout-row\"><div class=\"wpforms-layout-column wpforms-layout-column-50\"><div id=\"wpforms-1987-field_2-container\" class=\"wpforms-field wpforms-field-text\" data-field-id=\"2\"><label class=\"wpforms-field-label\" for=\"wpforms-1987-field_2\">Usuario <span class=\"wpforms-required-label\" aria-hidden=\"true\">*<\/span><\/label><input type=\"text\" id=\"wpforms-1987-field_2\" class=\"wpforms-field-medium wpforms-field-required\" name=\"wpforms[fields][2]\" aria-errormessage=\"wpforms-1987-field_2-error\" aria-describedby=\"wpforms-1987-field_2-description\" required><div id=\"wpforms-1987-field_2-description\" class=\"wpforms-field-description\">Por favor no usar caracteres especiales para el usuario de su perfil<\/div><\/div><\/div><div class=\"wpforms-layout-column wpforms-layout-column-50\"><div id=\"wpforms-1987-field_4-container\" class=\"wpforms-field wpforms-field-password\" data-field-id=\"4\"><fieldset><legend class=\"wpforms-field-label\">Contrase\u00f1a <span class=\"wpforms-required-label\" aria-hidden=\"true\">*<\/span><\/legend><div class=\"wpforms-field-row wpforms-field-medium\"><div class=\"wpforms-field-row-block wpforms-one-half wpforms-first\"><input type=\"password\" id=\"wpforms-1987-field_4\" class=\"wpforms-field-required wpforms-field-password-primary\" data-rule-password-strength=\"1\" data-password-strength-level=\"4\" name=\"wpforms[fields][4][primary]\" spellcheck=\"false\" aria-errormessage=\"wpforms-1987-field_4-error\" required><label for=\"wpforms-1987-field_4\" class=\"wpforms-field-sublabel after\">Password<\/label><\/div><div class=\"wpforms-field-row-block wpforms-one-half\"><input type=\"password\" id=\"wpforms-1987-field_4-secondary\" class=\"wpforms-field-password-secondary wpforms-field-required\" data-rule-confirm=\"#wpforms-1987-field_4\" name=\"wpforms[fields][4][secondary]\" spellcheck=\"false\" aria-errormessage=\"wpforms-1987-field_4-secondary-error\" required><label for=\"wpforms-1987-field_4-secondary\" class=\"wpforms-field-sublabel after\">Confirm Password<\/label><\/div><\/div><\/fieldset><\/div><\/div><\/div><\/div><\/div><div id=\"wpforms-1987-field_5-container\" class=\"wpforms-field wpforms-field-textarea\" data-field-id=\"5\"><label class=\"wpforms-field-label\" for=\"wpforms-1987-field_5\">Cu\u00e9ntenos m\u00e1s sobre usted<\/label><textarea id=\"wpforms-1987-field_5\" class=\"wpforms-field-small\" name=\"wpforms[fields][5]\" aria-errormessage=\"wpforms-1987-field_5-error\" aria-describedby=\"wpforms-1987-field_5-description\" ><\/textarea><div id=\"wpforms-1987-field_5-description\" class=\"wpforms-field-description\">Comp\u00e1rtanos una breve descripci\u00f3n de su perfil y su inter\u00e9s en SPIN<\/div><\/div><script>\n\t\t\t\t( function() {\n\t\t\t\t\tconst style = document.createElement( 'style' );\n\t\t\t\t\tstyle.appendChild( document.createTextNode( '#wpforms-1987-field_8-container { position: absolute !important; overflow: hidden !important; display: inline !important; height: 1px !important; width: 1px !important; z-index: -1000 !important; padding: 0 !important; } #wpforms-1987-field_8-container input { visibility: hidden; } #wpforms-conversational-form-page #wpforms-1987-field_8-container label { counter-increment: none; }' ) );\n\t\t\t\t\tdocument.head.appendChild( style );\n\t\t\t\t\tdocument.currentScript?.remove();\n\t\t\t\t} )();\n\t\t\t<\/script><\/div><!-- .wpforms-field-container --><div class=\"wpforms-recaptcha-container wpforms-is-recaptcha wpforms-is-recaptcha-type-v3\" ><input type=\"hidden\" name=\"wpforms[recaptcha]\" value=\"\"><\/div><div class=\"wpforms-submit-container\" ><input type=\"hidden\" name=\"wpforms[id]\" value=\"1987\"><input type=\"hidden\" name=\"page_title\" value=\"\"><input type=\"hidden\" name=\"page_url\" value=\"https:\/\/www.spinvet.com\/en\/wp-json\/wp\/v2\/pages\/2008\"><input type=\"hidden\" name=\"url_referer\" value=\"\"><button type=\"submit\" name=\"wpforms[submit]\" id=\"wpforms-submit-1987\" class=\"wpforms-submit\" aria-live=\"assertive\" value=\"wpforms-submit\">Submit<\/button><\/div><\/form><\/div>  <!-- .wpforms-container -->\t\t\t\t<\/div>\n\t\t\t\t<\/div>\n\t\t\t\t\t<\/div>\n\t\t\t\t<\/div>\n\t\t\t\t<\/div>\n\t\t","protected":false},"excerpt":{"rendered":"<p>Formato de registro SPIN Queremos darle la bienvenida a nuestra web, reg\u00edstrese para recibir toda la informaci\u00f3n y actualizaciones de nuestra compa\u00f1\u00eda. Con su registro podr\u00e1 tener acceso exclusivo a noticias e informaci\u00f3n valiosa de nuestros productos, programas y actividades. Please enable JavaScript in your browser to complete this form.Please enable JavaScript in your browser [&hellip;]<\/p>\n","protected":false},"author":5726,"featured_media":0,"parent":0,"menu_order":0,"comment_status":"closed","ping_status":"closed","template":"elementor_header_footer","meta":{"_joinchat":[],"footnotes":""},"class_list":["post-2008","page","type-page","status-publish","hentry"],"yoast_head":"<!-- This site is optimized with the Yoast SEO plugin v27.5 - https:\/\/yoast.com\/product\/yoast-seo-wordpress\/ -->\n<title>Formulario RegistroSPIN - Spin<\/title>\n<meta name=\"robots\" content=\"index, follow, max-snippet:-1, max-image-preview:large, max-video-preview:-1\" \/>\n<link rel=\"canonical\" href=\"https:\/\/www.spinvet.com\/en\/formulario-registrospin\/\" \/>\n<meta property=\"og:locale\" content=\"en_US\" \/>\n<meta property=\"og:type\" content=\"article\" \/>\n<meta property=\"og:title\" content=\"Formulario RegistroSPIN - Spin\" \/>\n<meta property=\"og:description\" content=\"Formato de registro SPIN Queremos darle la bienvenida a nuestra web, reg\u00edstrese para recibir toda la informaci\u00f3n y actualizaciones de nuestra compa\u00f1\u00eda. Con su registro podr\u00e1 tener acceso exclusivo a noticias e informaci\u00f3n valiosa de nuestros productos, programas y actividades. Please enable JavaScript in your browser to complete this form.Please enable JavaScript in your browser [&hellip;]\" \/>\n<meta property=\"og:url\" content=\"https:\/\/www.spinvet.com\/en\/formulario-registrospin\/\" \/>\n<meta property=\"og:site_name\" content=\"Spin\" \/>\n<meta property=\"article:modified_time\" content=\"2025-03-27T23:47:18+00:00\" \/>\n<meta name=\"twitter:card\" content=\"summary_large_image\" \/>\n<meta name=\"twitter:label1\" content=\"Est. reading time\" \/>\n\t<meta name=\"twitter:data1\" content=\"1 minute\" \/>\n<script type=\"application\/ld+json\" class=\"yoast-schema-graph\">{\"@context\":\"https:\\\/\\\/schema.org\",\"@graph\":[{\"@type\":\"WebPage\",\"@id\":\"https:\\\/\\\/www.spinvet.com\\\/formulario-registrospin\\\/\",\"url\":\"https:\\\/\\\/www.spinvet.com\\\/formulario-registrospin\\\/\",\"name\":\"Formulario RegistroSPIN - Spin\",\"isPartOf\":{\"@id\":\"https:\\\/\\\/www.spinvet.com\\\/en\\\/#website\"},\"datePublished\":\"2025-03-26T17:43:24+00:00\",\"dateModified\":\"2025-03-27T23:47:18+00:00\",\"breadcrumb\":{\"@id\":\"https:\\\/\\\/www.spinvet.com\\\/formulario-registrospin\\\/#breadcrumb\"},\"inLanguage\":\"en-US\",\"potentialAction\":[{\"@type\":\"ReadAction\",\"target\":[\"https:\\\/\\\/www.spinvet.com\\\/formulario-registrospin\\\/\"]}]},{\"@type\":\"BreadcrumbList\",\"@id\":\"https:\\\/\\\/www.spinvet.com\\\/formulario-registrospin\\\/#breadcrumb\",\"itemListElement\":[{\"@type\":\"ListItem\",\"position\":1,\"name\":\"Home\",\"item\":\"https:\\\/\\\/www.spinvet.com\\\/\"},{\"@type\":\"ListItem\",\"position\":2,\"name\":\"Formulario RegistroSPIN\"}]},{\"@type\":\"WebSite\",\"@id\":\"https:\\\/\\\/www.spinvet.com\\\/en\\\/#website\",\"url\":\"https:\\\/\\\/www.spinvet.com\\\/en\\\/\",\"name\":\"Spin\",\"description\":\"Veterinaria\",\"publisher\":{\"@id\":\"https:\\\/\\\/www.spinvet.com\\\/en\\\/#organization\"},\"alternateName\":\"SPINVET\",\"potentialAction\":[{\"@type\":\"SearchAction\",\"target\":{\"@type\":\"EntryPoint\",\"urlTemplate\":\"https:\\\/\\\/www.spinvet.com\\\/en\\\/?s={search_term_string}\"},\"query-input\":{\"@type\":\"PropertyValueSpecification\",\"valueRequired\":true,\"valueName\":\"search_term_string\"}}],\"inLanguage\":\"en-US\"},{\"@type\":\"Organization\",\"@id\":\"https:\\\/\\\/www.spinvet.com\\\/en\\\/#organization\",\"name\":\"Spin\",\"url\":\"https:\\\/\\\/www.spinvet.com\\\/en\\\/\",\"logo\":{\"@type\":\"ImageObject\",\"inLanguage\":\"en-US\",\"@id\":\"https:\\\/\\\/www.spinvet.com\\\/en\\\/#\\\/schema\\\/logo\\\/image\\\/\",\"url\":\"https:\\\/\\\/www.spinvet.com\\\/wp-content\\\/uploads\\\/LogoSpinInv.png\",\"contentUrl\":\"https:\\\/\\\/www.spinvet.com\\\/wp-content\\\/uploads\\\/LogoSpinInv.png\",\"width\":101,\"height\":88,\"caption\":\"Spin\"},\"image\":{\"@id\":\"https:\\\/\\\/www.spinvet.com\\\/en\\\/#\\\/schema\\\/logo\\\/image\\\/\"}}]}<\/script>\n<!-- \/ Yoast SEO plugin. -->","yoast_head_json":{"title":"Formulario RegistroSPIN - Spin","robots":{"index":"index","follow":"follow","max-snippet":"max-snippet:-1","max-image-preview":"max-image-preview:large","max-video-preview":"max-video-preview:-1"},"canonical":"https:\/\/www.spinvet.com\/en\/formulario-registrospin\/","og_locale":"en_US","og_type":"article","og_title":"Formulario RegistroSPIN - Spin","og_description":"Formato de registro SPIN Queremos darle la bienvenida a nuestra web, reg\u00edstrese para recibir toda la informaci\u00f3n y actualizaciones de nuestra compa\u00f1\u00eda. Con su registro podr\u00e1 tener acceso exclusivo a noticias e informaci\u00f3n valiosa de nuestros productos, programas y actividades. Please enable JavaScript in your browser to complete this form.Please enable JavaScript in your browser [&hellip;]","og_url":"https:\/\/www.spinvet.com\/en\/formulario-registrospin\/","og_site_name":"Spin","article_modified_time":"2025-03-27T23:47:18+00:00","twitter_card":"summary_large_image","twitter_misc":{"Est. reading time":"1 minute"},"schema":{"@context":"https:\/\/schema.org","@graph":[{"@type":"WebPage","@id":"https:\/\/www.spinvet.com\/formulario-registrospin\/","url":"https:\/\/www.spinvet.com\/formulario-registrospin\/","name":"Formulario RegistroSPIN - Spin","isPartOf":{"@id":"https:\/\/www.spinvet.com\/en\/#website"},"datePublished":"2025-03-26T17:43:24+00:00","dateModified":"2025-03-27T23:47:18+00:00","breadcrumb":{"@id":"https:\/\/www.spinvet.com\/formulario-registrospin\/#breadcrumb"},"inLanguage":"en-US","potentialAction":[{"@type":"ReadAction","target":["https:\/\/www.spinvet.com\/formulario-registrospin\/"]}]},{"@type":"BreadcrumbList","@id":"https:\/\/www.spinvet.com\/formulario-registrospin\/#breadcrumb","itemListElement":[{"@type":"ListItem","position":1,"name":"Home","item":"https:\/\/www.spinvet.com\/"},{"@type":"ListItem","position":2,"name":"Formulario RegistroSPIN"}]},{"@type":"WebSite","@id":"https:\/\/www.spinvet.com\/en\/#website","url":"https:\/\/www.spinvet.com\/en\/","name":"Spin","description":"Veterinaria","publisher":{"@id":"https:\/\/www.spinvet.com\/en\/#organization"},"alternateName":"SPINVET","potentialAction":[{"@type":"SearchAction","target":{"@type":"EntryPoint","urlTemplate":"https:\/\/www.spinvet.com\/en\/?s={search_term_string}"},"query-input":{"@type":"PropertyValueSpecification","valueRequired":true,"valueName":"search_term_string"}}],"inLanguage":"en-US"},{"@type":"Organization","@id":"https:\/\/www.spinvet.com\/en\/#organization","name":"Spin","url":"https:\/\/www.spinvet.com\/en\/","logo":{"@type":"ImageObject","inLanguage":"en-US","@id":"https:\/\/www.spinvet.com\/en\/#\/schema\/logo\/image\/","url":"https:\/\/www.spinvet.com\/wp-content\/uploads\/LogoSpinInv.png","contentUrl":"https:\/\/www.spinvet.com\/wp-content\/uploads\/LogoSpinInv.png","width":101,"height":88,"caption":"Spin"},"image":{"@id":"https:\/\/www.spinvet.com\/en\/#\/schema\/logo\/image\/"}}]}},"_links":{"self":[{"href":"https:\/\/www.spinvet.com\/en\/wp-json\/wp\/v2\/pages\/2008","targetHints":{"allow":["GET"]}}],"collection":[{"href":"https:\/\/www.spinvet.com\/en\/wp-json\/wp\/v2\/pages"}],"about":[{"href":"https:\/\/www.spinvet.com\/en\/wp-json\/wp\/v2\/types\/page"}],"author":[{"embeddable":true,"href":"https:\/\/www.spinvet.com\/en\/wp-json\/wp\/v2\/users\/5726"}],"replies":[{"embeddable":true,"href":"https:\/\/www.spinvet.com\/en\/wp-json\/wp\/v2\/comments?post=2008"}],"version-history":[{"count":14,"href":"https:\/\/www.spinvet.com\/en\/wp-json\/wp\/v2\/pages\/2008\/revisions"}],"predecessor-version":[{"id":2244,"href":"https:\/\/www.spinvet.com\/en\/wp-json\/wp\/v2\/pages\/2008\/revisions\/2244"}],"wp:attachment":[{"href":"https:\/\/www.spinvet.com\/en\/wp-json\/wp\/v2\/media?parent=2008"}],"curies":[{"name":"wp","href":"https:\/\/api.w.org\/{rel}","templated":true}]}}