{"id":2125,"date":"2025-03-27T11:06:55","date_gmt":"2025-03-27T16:06:55","guid":{"rendered":"https:\/\/www.spinvet.com\/?page_id=2125"},"modified":"2025-04-02T20:28:37","modified_gmt":"2025-04-03T01:28:37","slug":"formulario-login","status":"publish","type":"page","link":"https:\/\/www.spinvet.com\/en\/formulario-login\/","title":{"rendered":"Formulario Login"},"content":{"rendered":"\t\t<div data-elementor-type=\"wp-page\" data-elementor-id=\"2125\" class=\"elementor elementor-2125\" data-elementor-post-type=\"page\">\n\t\t\t\t<div class=\"elementor-element elementor-element-9034ea4 e-con-full e-flex e-con e-parent\" data-id=\"9034ea4\" data-element_type=\"container\" data-e-type=\"container\" data-settings=\"{&quot;jet_parallax_layout_list&quot;:[]}\">\n\t\t<div class=\"elementor-element elementor-element-6d39d72 e-con-full e-flex e-con e-child\" data-id=\"6d39d72\" data-element_type=\"container\" data-e-type=\"container\" data-settings=\"{&quot;background_background&quot;:&quot;classic&quot;,&quot;jet_parallax_layout_list&quot;:[]}\">\n\t\t\t\t<div class=\"elementor-element elementor-element-4092983 elementor-widget elementor-widget-wpforms\" data-id=\"4092983\" data-element_type=\"widget\" data-e-type=\"widget\" data-widget_type=\"wpforms.default\">\n\t\t\t\t<div class=\"elementor-widget-container\">\n\t\t\t\t\t<style id=\"wpforms-css-vars-elementor-widget-4092983\">\n\t\t\t\t.elementor-widget-wpforms.elementor-element-4092983 {\n\t\t\t\t--wpforms-field-text-color: #F47E20;\n--wpforms-label-color: #FFF;\n\t\t\t}\n\t\t\t<\/style><div class=\"wpforms-container wpforms-container-full wpforms-render-modern\" id=\"wpforms-2126\"><form id=\"wpforms-form-2126\" class=\"wpforms-validate wpforms-form\" data-formid=\"2126\" method=\"post\" enctype=\"multipart\/form-data\" action=\"\/en\/wp-json\/wp\/v2\/pages\/2125\" data-token=\"ddcb40049e382ea916a4e7e64411a1f8\" data-token-time=\"1778075397\"><noscript class=\"wpforms-error-noscript\">Please enable JavaScript in your browser to complete this form.<\/noscript><div id=\"wpforms-error-noscript\" style=\"display: none;\">Please enable JavaScript in your browser to complete this form.<\/div><div class=\"wpforms-field-container\"><div id=\"wpforms-2126-field_1-container\" class=\"wpforms-field wpforms-field-text\" data-field-id=\"1\"><label class=\"wpforms-field-label\" for=\"wpforms-2126-field_1\">Usuario o Email <span class=\"wpforms-required-label\" aria-hidden=\"true\">*<\/span><\/label><input type=\"text\" id=\"wpforms-2126-field_1\" class=\"wpforms-field-medium wpforms-field-required\" name=\"wpforms[fields][1]\" aria-errormessage=\"wpforms-2126-field_1-error\" required><\/div><div id=\"wpforms-2126-field_2-container\" class=\"wpforms-field wpforms-field-password\" data-field-id=\"2\"><label class=\"wpforms-field-label\" for=\"wpforms-2126-field_2\">Contrase\u00f1a <span class=\"wpforms-required-label\" aria-hidden=\"true\">*<\/span><\/label><input type=\"password\" id=\"wpforms-2126-field_2\" class=\"wpforms-field-medium wpforms-field-required\" name=\"wpforms[fields][2]\" spellcheck=\"false\" aria-errormessage=\"wpforms-2126-field_2-error\" required><\/div><div id=\"wpforms-2126-field_3-container\" class=\"wpforms-field wpforms-field-checkbox\" data-field-id=\"3\"><fieldset><legend class=\"wpforms-field-label wpforms-label-hide\" aria-hidden=\"false\">Remember me<\/legend><ul id=\"wpforms-2126-field_3\"><li class=\"choice-0 depth-1\"><input type=\"checkbox\" id=\"wpforms-2126-field_3_0\" name=\"wpforms[fields][3][]\" value=\"Remember me\" aria-errormessage=\"wpforms-2126-field_3_0-error\"  ><label class=\"wpforms-field-label-inline\" for=\"wpforms-2126-field_3_0\">Remember me<\/label><\/li><\/ul><\/fieldset><\/div>\t\t<div id=\"wpforms-2126-field_4-container\"\n\t\t\tclass=\"wpforms-field wpforms-field-text\"\n\t\t\tdata-field-type=\"text\"\n\t\t\tdata-field-id=\"4\"\n\t\t\t>\n\t\t\t<label class=\"wpforms-field-label\" for=\"wpforms-2126-field_4\" >me Contrase\u00f1a Usuario<\/label>\n\t\t\t<input type=\"text\" id=\"wpforms-2126-field_4\" class=\"wpforms-field-medium\" name=\"wpforms[fields][4]\" >\n\t\t<\/div>\n\t\t<div id=\"wpforms-2126-field_6-container\" class=\"wpforms-field wpforms-field-html\" data-field-id=\"6\"><div id=\"wpforms-2126-field_6\" aria-errormessage=\"wpforms-2126-field_6-error\"><p style=\"text-align: center; color: #ffffff;\">\r\n    \u00bfA\u00fan no tiene una cuenta?  \r\n    <a href=\"\/formulario-registrospin\/\" style=\"color: #F47E20; text-decoration: underline;\">\r\n        Reg\u00edstrese aqu\u00ed\r\n    <\/a>.\r\n<\/p>\r\n\r\n<p style=\"text-align: center; color: #ffffff;\">\r\n    \u00bfOlvid\u00f3 su contrase\u00f1a?  \r\n    <a href=\"\/recuperar-clave\/\" style=\"color: #F47E20; text-decoration: underline;\">\r\n        Restabl\u00e9cela aqu\u00ed\r\n    <\/a>.\r\n<\/p>\r\n<\/div><\/div><script>\n\t\t\t\t( function() {\n\t\t\t\t\tconst style = document.createElement( 'style' );\n\t\t\t\t\tstyle.appendChild( document.createTextNode( '#wpforms-2126-field_4-container { position: absolute !important; overflow: hidden !important; display: inline !important; height: 1px !important; width: 1px !important; z-index: -1000 !important; padding: 0 !important; } #wpforms-2126-field_4-container input { visibility: hidden; } #wpforms-conversational-form-page #wpforms-2126-field_4-container label { counter-increment: none; }' ) );\n\t\t\t\t\tdocument.head.appendChild( style );\n\t\t\t\t\tdocument.currentScript?.remove();\n\t\t\t\t} )();\n\t\t\t<\/script><\/div><!-- .wpforms-field-container --><div class=\"wpforms-recaptcha-container wpforms-is-recaptcha wpforms-is-recaptcha-type-v3\" ><input type=\"hidden\" name=\"wpforms[recaptcha]\" value=\"\"><\/div><div class=\"wpforms-submit-container\" ><input type=\"hidden\" name=\"wpforms[id]\" value=\"2126\"><input type=\"hidden\" name=\"page_title\" value=\"\"><input type=\"hidden\" name=\"page_url\" value=\"https:\/\/www.spinvet.com\/en\/wp-json\/wp\/v2\/pages\/2125\"><input type=\"hidden\" name=\"url_referer\" value=\"\"><button type=\"submit\" name=\"wpforms[submit]\" id=\"wpforms-submit-2126\" class=\"wpforms-submit\" aria-live=\"assertive\" value=\"wpforms-submit\">Submit<\/button><\/div><\/form><\/div>  <!-- .wpforms-container -->\t\t\t\t<\/div>\n\t\t\t\t<\/div>\n\t\t\t\t<\/div>\n\t\t<div class=\"elementor-element elementor-element-526d815 e-con-full e-flex e-con e-child\" data-id=\"526d815\" data-element_type=\"container\" data-e-type=\"container\" data-settings=\"{&quot;background_background&quot;:&quot;classic&quot;,&quot;jet_parallax_layout_list&quot;:[]}\">\n\t\t\t\t<div class=\"elementor-element elementor-element-f34a30c elementor-widget elementor-widget-heading\" data-id=\"f34a30c\" data-element_type=\"widget\" data-e-type=\"widget\" data-widget_type=\"heading.default\">\n\t\t\t\t\t<h2 class=\"elementor-heading-title elementor-size-default\">Bienvenido a la experiencia SPIN<\/h2>\t\t\t\t<\/div>\n\t\t\t\t<div class=\"elementor-element elementor-element-534881f elementor-widget elementor-widget-text-editor\" data-id=\"534881f\" data-element_type=\"widget\" data-e-type=\"widget\" data-widget_type=\"text-editor.default\">\n\t\t\t\t\t\t\t\t\t<p>Bienvenido de vuelta, Ingrese a su cuenta donde podr\u00e1 tener acceso a informaci\u00f3n muy valiosa para la industria, boletines exclusivos, acceso a informaci\u00f3n detallada de los productos y servicios de SPIN<\/p>\t\t\t\t\t\t\t\t<\/div>\n\t\t\t\t<div class=\"elementor-element elementor-element-52c48e5 elementor-widget elementor-widget-image\" data-id=\"52c48e5\" data-element_type=\"widget\" data-e-type=\"widget\" data-widget_type=\"image.default\">\n\t\t\t\t\t\t\t\t\t\t\t\t\t\t\t<img fetchpriority=\"high\" decoding=\"async\" width=\"512\" height=\"512\" src=\"https:\/\/www.spinvet.com\/wp-content\/uploads\/cropped-cropped-Recurso-28.png\" class=\"attachment-large size-large wp-image-887\" alt=\"\" srcset=\"https:\/\/www.spinvet.com\/wp-content\/uploads\/cropped-cropped-Recurso-28.png 512w, https:\/\/www.spinvet.com\/wp-content\/uploads\/cropped-cropped-Recurso-28-300x300.png 300w, https:\/\/www.spinvet.com\/wp-content\/uploads\/cropped-cropped-Recurso-28-100x100.png 100w, https:\/\/www.spinvet.com\/wp-content\/uploads\/cropped-cropped-Recurso-28-150x150.png 150w, https:\/\/www.spinvet.com\/wp-content\/uploads\/cropped-cropped-Recurso-28-12x12.png 12w, https:\/\/www.spinvet.com\/wp-content\/uploads\/cropped-cropped-Recurso-28-480x480.png 480w\" sizes=\"(max-width: 512px) 100vw, 512px\" \/>\t\t\t\t\t\t\t\t\t\t\t\t\t\t\t<\/div>\n\t\t\t\t<\/div>\n\t\t\t\t<\/div>\n\t\t\t\t<\/div>\n\t\t","protected":false},"excerpt":{"rendered":"<p>Please enable JavaScript in your browser to complete this form.Please enable JavaScript in your browser to complete this form.Usuario o Email *Contrase\u00f1a * Remember me Remember me \u00bfA\u00fan no tiene una cuenta? Reg\u00edstrese aqu\u00ed . \u00bfOlvid\u00f3 su contrase\u00f1a? Restabl\u00e9cela aqu\u00ed . Submit Bienvenido a la experiencia SPIN Bienvenido de vuelta, Ingrese a su cuenta donde [&hellip;]<\/p>\n","protected":false},"author":5726,"featured_media":0,"parent":0,"menu_order":0,"comment_status":"closed","ping_status":"closed","template":"","meta":{"_joinchat":[],"footnotes":""},"class_list":["post-2125","page","type-page","status-publish","hentry"],"yoast_head":"<!-- This site is optimized with the Yoast SEO plugin v27.1.1 - https:\/\/yoast.com\/product\/yoast-seo-wordpress\/ -->\n<title>Formulario Login - Spin<\/title>\n<meta name=\"robots\" content=\"index, follow, max-snippet:-1, max-image-preview:large, max-video-preview:-1\" \/>\n<link rel=\"canonical\" href=\"https:\/\/www.spinvet.com\/en\/formulario-login\/\" \/>\n<meta property=\"og:locale\" content=\"en_US\" \/>\n<meta property=\"og:type\" content=\"article\" \/>\n<meta property=\"og:title\" content=\"Formulario Login - Spin\" \/>\n<meta property=\"og:description\" content=\"Please enable JavaScript in your browser to complete this form.Please enable JavaScript in your browser to complete this form.Usuario o Email *Contrase\u00f1a * Remember me Remember me \u00bfA\u00fan no tiene una cuenta? Reg\u00edstrese aqu\u00ed . \u00bfOlvid\u00f3 su contrase\u00f1a? Restabl\u00e9cela aqu\u00ed . Submit Bienvenido a la experiencia SPIN Bienvenido de vuelta, Ingrese a su cuenta donde [&hellip;]\" \/>\n<meta property=\"og:url\" content=\"https:\/\/www.spinvet.com\/en\/formulario-login\/\" \/>\n<meta property=\"og:site_name\" content=\"Spin\" \/>\n<meta property=\"article:modified_time\" content=\"2025-04-03T01:28:37+00:00\" \/>\n<meta property=\"og:image\" content=\"http:\/\/www.spinvet.com\/wp-content\/uploads\/cropped-cropped-Recurso-28.png\" \/>\n<meta name=\"twitter:card\" content=\"summary_large_image\" \/>\n<script type=\"application\/ld+json\" class=\"yoast-schema-graph\">{\"@context\":\"https:\/\/schema.org\",\"@graph\":[{\"@type\":\"WebPage\",\"@id\":\"https:\/\/www.spinvet.com\/formulario-login\/\",\"url\":\"https:\/\/www.spinvet.com\/formulario-login\/\",\"name\":\"Formulario Login - Spin\",\"isPartOf\":{\"@id\":\"https:\/\/www.spinvet.com\/en\/#website\"},\"primaryImageOfPage\":{\"@id\":\"https:\/\/www.spinvet.com\/formulario-login\/#primaryimage\"},\"image\":{\"@id\":\"https:\/\/www.spinvet.com\/formulario-login\/#primaryimage\"},\"thumbnailUrl\":\"http:\/\/www.spinvet.com\/wp-content\/uploads\/cropped-cropped-Recurso-28.png\",\"datePublished\":\"2025-03-27T16:06:55+00:00\",\"dateModified\":\"2025-04-03T01:28:37+00:00\",\"breadcrumb\":{\"@id\":\"https:\/\/www.spinvet.com\/formulario-login\/#breadcrumb\"},\"inLanguage\":\"en-US\",\"potentialAction\":[{\"@type\":\"ReadAction\",\"target\":[\"https:\/\/www.spinvet.com\/formulario-login\/\"]}]},{\"@type\":\"ImageObject\",\"inLanguage\":\"en-US\",\"@id\":\"https:\/\/www.spinvet.com\/formulario-login\/#primaryimage\",\"url\":\"http:\/\/www.spinvet.com\/wp-content\/uploads\/cropped-cropped-Recurso-28.png\",\"contentUrl\":\"http:\/\/www.spinvet.com\/wp-content\/uploads\/cropped-cropped-Recurso-28.png\"},{\"@type\":\"BreadcrumbList\",\"@id\":\"https:\/\/www.spinvet.com\/formulario-login\/#breadcrumb\",\"itemListElement\":[{\"@type\":\"ListItem\",\"position\":1,\"name\":\"Home\",\"item\":\"https:\/\/www.spinvet.com\/\"},{\"@type\":\"ListItem\",\"position\":2,\"name\":\"Formulario Login\"}]},{\"@type\":\"WebSite\",\"@id\":\"https:\/\/www.spinvet.com\/en\/#website\",\"url\":\"https:\/\/www.spinvet.com\/en\/\",\"name\":\"Spin\",\"description\":\"Veterinaria\",\"publisher\":{\"@id\":\"https:\/\/www.spinvet.com\/en\/#organization\"},\"alternateName\":\"SPINVET\",\"potentialAction\":[{\"@type\":\"SearchAction\",\"target\":{\"@type\":\"EntryPoint\",\"urlTemplate\":\"https:\/\/www.spinvet.com\/en\/?s={search_term_string}\"},\"query-input\":{\"@type\":\"PropertyValueSpecification\",\"valueRequired\":true,\"valueName\":\"search_term_string\"}}],\"inLanguage\":\"en-US\"},{\"@type\":\"Organization\",\"@id\":\"https:\/\/www.spinvet.com\/en\/#organization\",\"name\":\"Spin\",\"url\":\"https:\/\/www.spinvet.com\/en\/\",\"logo\":{\"@type\":\"ImageObject\",\"inLanguage\":\"en-US\",\"@id\":\"https:\/\/www.spinvet.com\/en\/#\/schema\/logo\/image\/\",\"url\":\"https:\/\/www.spinvet.com\/wp-content\/uploads\/LogoSpinInv.png\",\"contentUrl\":\"https:\/\/www.spinvet.com\/wp-content\/uploads\/LogoSpinInv.png\",\"width\":101,\"height\":88,\"caption\":\"Spin\"},\"image\":{\"@id\":\"https:\/\/www.spinvet.com\/en\/#\/schema\/logo\/image\/\"}}]}<\/script>\n<!-- \/ Yoast SEO plugin. -->","yoast_head_json":{"title":"Formulario Login - Spin","robots":{"index":"index","follow":"follow","max-snippet":"max-snippet:-1","max-image-preview":"max-image-preview:large","max-video-preview":"max-video-preview:-1"},"canonical":"https:\/\/www.spinvet.com\/en\/formulario-login\/","og_locale":"en_US","og_type":"article","og_title":"Formulario Login - Spin","og_description":"Please enable JavaScript in your browser to complete this form.Please enable JavaScript in your browser to complete this form.Usuario o Email *Contrase\u00f1a * Remember me Remember me \u00bfA\u00fan no tiene una cuenta? Reg\u00edstrese aqu\u00ed . \u00bfOlvid\u00f3 su contrase\u00f1a? Restabl\u00e9cela aqu\u00ed . Submit Bienvenido a la experiencia SPIN Bienvenido de vuelta, Ingrese a su cuenta donde [&hellip;]","og_url":"https:\/\/www.spinvet.com\/en\/formulario-login\/","og_site_name":"Spin","article_modified_time":"2025-04-03T01:28:37+00:00","og_image":[{"url":"http:\/\/www.spinvet.com\/wp-content\/uploads\/cropped-cropped-Recurso-28.png","type":"","width":"","height":""}],"twitter_card":"summary_large_image","schema":{"@context":"https:\/\/schema.org","@graph":[{"@type":"WebPage","@id":"https:\/\/www.spinvet.com\/formulario-login\/","url":"https:\/\/www.spinvet.com\/formulario-login\/","name":"Formulario Login - Spin","isPartOf":{"@id":"https:\/\/www.spinvet.com\/en\/#website"},"primaryImageOfPage":{"@id":"https:\/\/www.spinvet.com\/formulario-login\/#primaryimage"},"image":{"@id":"https:\/\/www.spinvet.com\/formulario-login\/#primaryimage"},"thumbnailUrl":"http:\/\/www.spinvet.com\/wp-content\/uploads\/cropped-cropped-Recurso-28.png","datePublished":"2025-03-27T16:06:55+00:00","dateModified":"2025-04-03T01:28:37+00:00","breadcrumb":{"@id":"https:\/\/www.spinvet.com\/formulario-login\/#breadcrumb"},"inLanguage":"en-US","potentialAction":[{"@type":"ReadAction","target":["https:\/\/www.spinvet.com\/formulario-login\/"]}]},{"@type":"ImageObject","inLanguage":"en-US","@id":"https:\/\/www.spinvet.com\/formulario-login\/#primaryimage","url":"http:\/\/www.spinvet.com\/wp-content\/uploads\/cropped-cropped-Recurso-28.png","contentUrl":"http:\/\/www.spinvet.com\/wp-content\/uploads\/cropped-cropped-Recurso-28.png"},{"@type":"BreadcrumbList","@id":"https:\/\/www.spinvet.com\/formulario-login\/#breadcrumb","itemListElement":[{"@type":"ListItem","position":1,"name":"Home","item":"https:\/\/www.spinvet.com\/"},{"@type":"ListItem","position":2,"name":"Formulario Login"}]},{"@type":"WebSite","@id":"https:\/\/www.spinvet.com\/en\/#website","url":"https:\/\/www.spinvet.com\/en\/","name":"Spin","description":"Veterinaria","publisher":{"@id":"https:\/\/www.spinvet.com\/en\/#organization"},"alternateName":"SPINVET","potentialAction":[{"@type":"SearchAction","target":{"@type":"EntryPoint","urlTemplate":"https:\/\/www.spinvet.com\/en\/?s={search_term_string}"},"query-input":{"@type":"PropertyValueSpecification","valueRequired":true,"valueName":"search_term_string"}}],"inLanguage":"en-US"},{"@type":"Organization","@id":"https:\/\/www.spinvet.com\/en\/#organization","name":"Spin","url":"https:\/\/www.spinvet.com\/en\/","logo":{"@type":"ImageObject","inLanguage":"en-US","@id":"https:\/\/www.spinvet.com\/en\/#\/schema\/logo\/image\/","url":"https:\/\/www.spinvet.com\/wp-content\/uploads\/LogoSpinInv.png","contentUrl":"https:\/\/www.spinvet.com\/wp-content\/uploads\/LogoSpinInv.png","width":101,"height":88,"caption":"Spin"},"image":{"@id":"https:\/\/www.spinvet.com\/en\/#\/schema\/logo\/image\/"}}]}},"_links":{"self":[{"href":"https:\/\/www.spinvet.com\/en\/wp-json\/wp\/v2\/pages\/2125","targetHints":{"allow":["GET"]}}],"collection":[{"href":"https:\/\/www.spinvet.com\/en\/wp-json\/wp\/v2\/pages"}],"about":[{"href":"https:\/\/www.spinvet.com\/en\/wp-json\/wp\/v2\/types\/page"}],"author":[{"embeddable":true,"href":"https:\/\/www.spinvet.com\/en\/wp-json\/wp\/v2\/users\/5726"}],"replies":[{"embeddable":true,"href":"https:\/\/www.spinvet.com\/en\/wp-json\/wp\/v2\/comments?post=2125"}],"version-history":[{"count":25,"href":"https:\/\/www.spinvet.com\/en\/wp-json\/wp\/v2\/pages\/2125\/revisions"}],"predecessor-version":[{"id":2337,"href":"https:\/\/www.spinvet.com\/en\/wp-json\/wp\/v2\/pages\/2125\/revisions\/2337"}],"wp:attachment":[{"href":"https:\/\/www.spinvet.com\/en\/wp-json\/wp\/v2\/media?parent=2125"}],"curies":[{"name":"wp","href":"https:\/\/api.w.org\/{rel}","templated":true}]}}