{"id":2280,"date":"2025-04-02T19:31:21","date_gmt":"2025-04-03T00:31:21","guid":{"rendered":"https:\/\/www.spinvet.com\/?page_id=2280"},"modified":"2025-04-03T10:53:53","modified_gmt":"2025-04-03T15:53:53","slug":"recuperar-clave","status":"publish","type":"page","link":"https:\/\/www.spinvet.com\/en\/recuperar-clave\/","title":{"rendered":"Recuperar Clave"},"content":{"rendered":"\t\t<div data-elementor-type=\"wp-page\" data-elementor-id=\"2280\" class=\"elementor elementor-2280\" data-elementor-post-type=\"page\">\n\t\t\t\t<div class=\"elementor-element elementor-element-9034ea4 e-con-full e-flex e-con e-parent\" data-id=\"9034ea4\" data-element_type=\"container\" data-e-type=\"container\" data-settings=\"{&quot;jet_parallax_layout_list&quot;:[]}\">\n\t\t<div class=\"elementor-element elementor-element-6d39d72 e-con-full e-flex e-con e-child\" data-id=\"6d39d72\" data-element_type=\"container\" data-e-type=\"container\" data-settings=\"{&quot;background_background&quot;:&quot;classic&quot;,&quot;jet_parallax_layout_list&quot;:[]}\">\n\t\t\t\t<div class=\"elementor-element elementor-element-73c4407 elementor-widget elementor-widget-shortcode\" data-id=\"73c4407\" data-element_type=\"widget\" data-e-type=\"widget\" data-widget_type=\"shortcode.default\">\n\t\t\t\t\t\t\t<div class=\"elementor-shortcode\">{user_registration_password_reset}<\/div>\n\t\t\t\t\t\t<\/div>\n\t\t\t\t<div class=\"elementor-element elementor-element-31f8e65 elementor-widget elementor-widget-wpforms\" data-id=\"31f8e65\" data-element_type=\"widget\" data-e-type=\"widget\" data-widget_type=\"wpforms.default\">\n\t\t\t\t<div class=\"elementor-widget-container\">\n\t\t\t\t\t<style id=\"wpforms-css-vars-elementor-widget-31f8e65\">\n\t\t\t\t.elementor-widget-wpforms.elementor-element-31f8e65 {\n\t\t\t\t--wpforms-label-color: #FFF;\n\t\t\t}\n\t\t\t<\/style><div class=\"wpforms-container wpforms-container-full wpforms-render-modern\" id=\"wpforms-2344\"><form id=\"wpforms-form-2344\" class=\"wpforms-validate wpforms-form wpforms-ajax-form\" data-formid=\"2344\" method=\"post\" enctype=\"multipart\/form-data\" action=\"\/en\/wp-json\/wp\/v2\/pages\/2280\" data-token=\"584a426a645f1823c6a3559ac3d9103d\" data-token-time=\"1778078937\"><noscript class=\"wpforms-error-noscript\">Please enable JavaScript in your browser to complete this form.<\/noscript><div id=\"wpforms-error-noscript\" style=\"display: none;\">Please enable JavaScript in your browser to complete this form.<\/div><div class=\"wpforms-field-container\">\t\t<div id=\"wpforms-2344-field_2-container\"\n\t\t\tclass=\"wpforms-field wpforms-field-text\"\n\t\t\tdata-field-type=\"text\"\n\t\t\tdata-field-id=\"2\"\n\t\t\t>\n\t\t\t<label class=\"wpforms-field-label\" for=\"wpforms-2344-field_2\" >registrado Usuario or<\/label>\n\t\t\t<input type=\"text\" id=\"wpforms-2344-field_2\" class=\"wpforms-field-medium\" name=\"wpforms[fields][2]\" >\n\t\t<\/div>\n\t\t<div id=\"wpforms-2344-field_1-container\" class=\"wpforms-field wpforms-field-text\" data-field-id=\"1\"><label class=\"wpforms-field-label\" for=\"wpforms-2344-field_1\">Usuario or Email registrado <span class=\"wpforms-required-label\" aria-hidden=\"true\">*<\/span><\/label><input type=\"text\" id=\"wpforms-2344-field_1\" class=\"wpforms-field-medium wpforms-field-required\" name=\"wpforms[fields][1]\" aria-errormessage=\"wpforms-2344-field_1-error\" required><\/div><script>\n\t\t\t\t( function() {\n\t\t\t\t\tconst style = document.createElement( 'style' );\n\t\t\t\t\tstyle.appendChild( document.createTextNode( '#wpforms-2344-field_2-container { position: absolute !important; overflow: hidden !important; display: inline !important; height: 1px !important; width: 1px !important; z-index: -1000 !important; padding: 0 !important; } #wpforms-2344-field_2-container input { visibility: hidden; } #wpforms-conversational-form-page #wpforms-2344-field_2-container label { counter-increment: none; }' ) );\n\t\t\t\t\tdocument.head.appendChild( style );\n\t\t\t\t\tdocument.currentScript?.remove();\n\t\t\t\t} )();\n\t\t\t<\/script><\/div><!-- .wpforms-field-container --><div class=\"wpforms-recaptcha-container wpforms-is-recaptcha wpforms-is-recaptcha-type-v3\" ><input type=\"hidden\" name=\"wpforms[recaptcha]\" value=\"\"><\/div><div class=\"wpforms-submit-container\" ><input type=\"hidden\" name=\"wpforms[id]\" value=\"2344\"><input type=\"hidden\" name=\"page_title\" value=\"\"><input type=\"hidden\" name=\"page_url\" value=\"https:\/\/www.spinvet.com\/en\/wp-json\/wp\/v2\/pages\/2280\"><input type=\"hidden\" name=\"url_referer\" value=\"\"><button type=\"submit\" name=\"wpforms[submit]\" id=\"wpforms-submit-2344\" class=\"wpforms-submit\" aria-live=\"assertive\" value=\"wpforms-submit\">Enviar<\/button><img decoding=\"async\" src=\"https:\/\/www.spinvet.com\/wp-content\/plugins\/wpforms\/assets\/images\/submit-spin.svg\" class=\"wpforms-submit-spinner\" style=\"display: none;\" width=\"26\" height=\"26\" alt=\"Loading\"><\/div><\/form><\/div>  <!-- .wpforms-container -->\t\t\t\t<\/div>\n\t\t\t\t<\/div>\n\t\t\t\t<\/div>\n\t\t<div class=\"elementor-element elementor-element-526d815 e-con-full e-flex e-con e-child\" data-id=\"526d815\" data-element_type=\"container\" data-e-type=\"container\" data-settings=\"{&quot;background_background&quot;:&quot;classic&quot;,&quot;jet_parallax_layout_list&quot;:[]}\">\n\t\t\t\t<div class=\"elementor-element elementor-element-f34a30c elementor-widget elementor-widget-heading\" data-id=\"f34a30c\" data-element_type=\"widget\" data-e-type=\"widget\" data-widget_type=\"heading.default\">\n\t\t\t\t\t<h2 class=\"elementor-heading-title elementor-size-default\">Su informaci\u00f3n est\u00e1 segura en SPIN<\/h2>\t\t\t\t<\/div>\n\t\t\t\t<div class=\"elementor-element elementor-element-534881f elementor-widget elementor-widget-text-editor\" data-id=\"534881f\" data-element_type=\"widget\" data-e-type=\"widget\" data-widget_type=\"text-editor.default\">\n\t\t\t\t\t\t\t\t\t<p>Aqu\u00ed puede realizar todo el proceso de cambio de contrase\u00f1a, simplemente siga los pasos que le indica el sistema.<\/p>\t\t\t\t\t\t\t\t<\/div>\n\t\t\t\t<div class=\"elementor-element elementor-element-52c48e5 elementor-widget elementor-widget-image\" data-id=\"52c48e5\" data-element_type=\"widget\" data-e-type=\"widget\" data-widget_type=\"image.default\">\n\t\t\t\t\t\t\t\t\t\t\t\t\t\t\t<img fetchpriority=\"high\" decoding=\"async\" width=\"512\" height=\"512\" src=\"https:\/\/www.spinvet.com\/wp-content\/uploads\/cropped-cropped-Recurso-28.png\" class=\"attachment-large size-large wp-image-887\" alt=\"\" srcset=\"https:\/\/www.spinvet.com\/wp-content\/uploads\/cropped-cropped-Recurso-28.png 512w, https:\/\/www.spinvet.com\/wp-content\/uploads\/cropped-cropped-Recurso-28-300x300.png 300w, https:\/\/www.spinvet.com\/wp-content\/uploads\/cropped-cropped-Recurso-28-100x100.png 100w, https:\/\/www.spinvet.com\/wp-content\/uploads\/cropped-cropped-Recurso-28-150x150.png 150w, https:\/\/www.spinvet.com\/wp-content\/uploads\/cropped-cropped-Recurso-28-12x12.png 12w, https:\/\/www.spinvet.com\/wp-content\/uploads\/cropped-cropped-Recurso-28-480x480.png 480w\" sizes=\"(max-width: 512px) 100vw, 512px\" \/>\t\t\t\t\t\t\t\t\t\t\t\t\t\t\t<\/div>\n\t\t\t\t<\/div>\n\t\t\t\t<\/div>\n\t\t\t\t<\/div>\n\t\t","protected":false},"excerpt":{"rendered":"<p>{user_registration_password_reset} Please enable JavaScript in your browser to complete this form.Please enable JavaScript in your browser to complete this form.Usuario or Email registrado * Nueva contrase\u00f1a * PasswordConfirm Password Enviar Su informaci\u00f3n est\u00e1 segura en SPIN Aqu\u00ed puede realizar todo el proceso de cambio de contrase\u00f1a, simplemente siga los pasos que le indica el sistema.<\/p>","protected":false},"author":5726,"featured_media":0,"parent":0,"menu_order":0,"comment_status":"closed","ping_status":"closed","template":"","meta":{"_joinchat":[],"footnotes":""},"class_list":["post-2280","page","type-page","status-publish","hentry"],"yoast_head":"<!-- This site is optimized with the Yoast SEO plugin v27.5 - https:\/\/yoast.com\/product\/yoast-seo-wordpress\/ -->\n<title>Recuperar Clave - Spin<\/title>\n<meta name=\"robots\" content=\"index, follow, max-snippet:-1, max-image-preview:large, max-video-preview:-1\" \/>\n<link rel=\"canonical\" href=\"https:\/\/www.spinvet.com\/en\/recuperar-clave\/\" \/>\n<meta property=\"og:locale\" content=\"en_US\" \/>\n<meta property=\"og:type\" content=\"article\" \/>\n<meta property=\"og:title\" content=\"Recuperar Clave - Spin\" \/>\n<meta property=\"og:description\" content=\"{user_registration_password_reset} Please enable JavaScript in your browser to complete this form.Please enable JavaScript in your browser to complete this form.Usuario or Email registrado * Nueva contrase\u00f1a * PasswordConfirm Password Enviar Su informaci\u00f3n est\u00e1 segura en SPIN Aqu\u00ed puede realizar todo el proceso de cambio de contrase\u00f1a, simplemente siga los pasos que le indica el sistema.\" \/>\n<meta property=\"og:url\" content=\"https:\/\/www.spinvet.com\/en\/recuperar-clave\/\" \/>\n<meta property=\"og:site_name\" content=\"Spin\" \/>\n<meta property=\"article:modified_time\" content=\"2025-04-03T15:53:53+00:00\" \/>\n<meta property=\"og:image\" content=\"https:\/\/www.spinvet.com\/wp-content\/plugins\/wpforms\/assets\/images\/submit-spin.svg\" \/>\n<meta name=\"twitter:card\" content=\"summary_large_image\" \/>\n<script type=\"application\/ld+json\" class=\"yoast-schema-graph\">{\"@context\":\"https:\\\/\\\/schema.org\",\"@graph\":[{\"@type\":\"WebPage\",\"@id\":\"https:\\\/\\\/www.spinvet.com\\\/recuperar-clave\\\/\",\"url\":\"https:\\\/\\\/www.spinvet.com\\\/recuperar-clave\\\/\",\"name\":\"Recuperar Clave - Spin\",\"isPartOf\":{\"@id\":\"https:\\\/\\\/www.spinvet.com\\\/en\\\/#website\"},\"primaryImageOfPage\":{\"@id\":\"https:\\\/\\\/www.spinvet.com\\\/recuperar-clave\\\/#primaryimage\"},\"image\":{\"@id\":\"https:\\\/\\\/www.spinvet.com\\\/recuperar-clave\\\/#primaryimage\"},\"thumbnailUrl\":\"https:\\\/\\\/www.spinvet.com\\\/wp-content\\\/plugins\\\/wpforms\\\/assets\\\/images\\\/submit-spin.svg\",\"datePublished\":\"2025-04-03T00:31:21+00:00\",\"dateModified\":\"2025-04-03T15:53:53+00:00\",\"breadcrumb\":{\"@id\":\"https:\\\/\\\/www.spinvet.com\\\/recuperar-clave\\\/#breadcrumb\"},\"inLanguage\":\"en-US\",\"potentialAction\":[{\"@type\":\"ReadAction\",\"target\":[\"https:\\\/\\\/www.spinvet.com\\\/recuperar-clave\\\/\"]}]},{\"@type\":\"ImageObject\",\"inLanguage\":\"en-US\",\"@id\":\"https:\\\/\\\/www.spinvet.com\\\/recuperar-clave\\\/#primaryimage\",\"url\":\"https:\\\/\\\/www.spinvet.com\\\/wp-content\\\/plugins\\\/wpforms\\\/assets\\\/images\\\/submit-spin.svg\",\"contentUrl\":\"https:\\\/\\\/www.spinvet.com\\\/wp-content\\\/plugins\\\/wpforms\\\/assets\\\/images\\\/submit-spin.svg\"},{\"@type\":\"BreadcrumbList\",\"@id\":\"https:\\\/\\\/www.spinvet.com\\\/recuperar-clave\\\/#breadcrumb\",\"itemListElement\":[{\"@type\":\"ListItem\",\"position\":1,\"name\":\"Home\",\"item\":\"https:\\\/\\\/www.spinvet.com\\\/\"},{\"@type\":\"ListItem\",\"position\":2,\"name\":\"Recuperar Clave\"}]},{\"@type\":\"WebSite\",\"@id\":\"https:\\\/\\\/www.spinvet.com\\\/en\\\/#website\",\"url\":\"https:\\\/\\\/www.spinvet.com\\\/en\\\/\",\"name\":\"Spin\",\"description\":\"Veterinaria\",\"publisher\":{\"@id\":\"https:\\\/\\\/www.spinvet.com\\\/en\\\/#organization\"},\"alternateName\":\"SPINVET\",\"potentialAction\":[{\"@type\":\"SearchAction\",\"target\":{\"@type\":\"EntryPoint\",\"urlTemplate\":\"https:\\\/\\\/www.spinvet.com\\\/en\\\/?s={search_term_string}\"},\"query-input\":{\"@type\":\"PropertyValueSpecification\",\"valueRequired\":true,\"valueName\":\"search_term_string\"}}],\"inLanguage\":\"en-US\"},{\"@type\":\"Organization\",\"@id\":\"https:\\\/\\\/www.spinvet.com\\\/en\\\/#organization\",\"name\":\"Spin\",\"url\":\"https:\\\/\\\/www.spinvet.com\\\/en\\\/\",\"logo\":{\"@type\":\"ImageObject\",\"inLanguage\":\"en-US\",\"@id\":\"https:\\\/\\\/www.spinvet.com\\\/en\\\/#\\\/schema\\\/logo\\\/image\\\/\",\"url\":\"https:\\\/\\\/www.spinvet.com\\\/wp-content\\\/uploads\\\/LogoSpinInv.png\",\"contentUrl\":\"https:\\\/\\\/www.spinvet.com\\\/wp-content\\\/uploads\\\/LogoSpinInv.png\",\"width\":101,\"height\":88,\"caption\":\"Spin\"},\"image\":{\"@id\":\"https:\\\/\\\/www.spinvet.com\\\/en\\\/#\\\/schema\\\/logo\\\/image\\\/\"}}]}<\/script>\n<!-- \/ Yoast SEO plugin. -->","yoast_head_json":{"title":"Recuperar Clave - Spin","robots":{"index":"index","follow":"follow","max-snippet":"max-snippet:-1","max-image-preview":"max-image-preview:large","max-video-preview":"max-video-preview:-1"},"canonical":"https:\/\/www.spinvet.com\/en\/recuperar-clave\/","og_locale":"en_US","og_type":"article","og_title":"Recuperar Clave - Spin","og_description":"{user_registration_password_reset} Please enable JavaScript in your browser to complete this form.Please enable JavaScript in your browser to complete this form.Usuario or Email registrado * Nueva contrase\u00f1a * PasswordConfirm Password Enviar Su informaci\u00f3n est\u00e1 segura en SPIN Aqu\u00ed puede realizar todo el proceso de cambio de contrase\u00f1a, simplemente siga los pasos que le indica el sistema.","og_url":"https:\/\/www.spinvet.com\/en\/recuperar-clave\/","og_site_name":"Spin","article_modified_time":"2025-04-03T15:53:53+00:00","og_image":[{"url":"https:\/\/www.spinvet.com\/wp-content\/plugins\/wpforms\/assets\/images\/submit-spin.svg","type":"","width":"","height":""}],"twitter_card":"summary_large_image","schema":{"@context":"https:\/\/schema.org","@graph":[{"@type":"WebPage","@id":"https:\/\/www.spinvet.com\/recuperar-clave\/","url":"https:\/\/www.spinvet.com\/recuperar-clave\/","name":"Recuperar Clave - Spin","isPartOf":{"@id":"https:\/\/www.spinvet.com\/en\/#website"},"primaryImageOfPage":{"@id":"https:\/\/www.spinvet.com\/recuperar-clave\/#primaryimage"},"image":{"@id":"https:\/\/www.spinvet.com\/recuperar-clave\/#primaryimage"},"thumbnailUrl":"https:\/\/www.spinvet.com\/wp-content\/plugins\/wpforms\/assets\/images\/submit-spin.svg","datePublished":"2025-04-03T00:31:21+00:00","dateModified":"2025-04-03T15:53:53+00:00","breadcrumb":{"@id":"https:\/\/www.spinvet.com\/recuperar-clave\/#breadcrumb"},"inLanguage":"en-US","potentialAction":[{"@type":"ReadAction","target":["https:\/\/www.spinvet.com\/recuperar-clave\/"]}]},{"@type":"ImageObject","inLanguage":"en-US","@id":"https:\/\/www.spinvet.com\/recuperar-clave\/#primaryimage","url":"https:\/\/www.spinvet.com\/wp-content\/plugins\/wpforms\/assets\/images\/submit-spin.svg","contentUrl":"https:\/\/www.spinvet.com\/wp-content\/plugins\/wpforms\/assets\/images\/submit-spin.svg"},{"@type":"BreadcrumbList","@id":"https:\/\/www.spinvet.com\/recuperar-clave\/#breadcrumb","itemListElement":[{"@type":"ListItem","position":1,"name":"Home","item":"https:\/\/www.spinvet.com\/"},{"@type":"ListItem","position":2,"name":"Recuperar Clave"}]},{"@type":"WebSite","@id":"https:\/\/www.spinvet.com\/en\/#website","url":"https:\/\/www.spinvet.com\/en\/","name":"Spin","description":"Veterinaria","publisher":{"@id":"https:\/\/www.spinvet.com\/en\/#organization"},"alternateName":"SPINVET","potentialAction":[{"@type":"SearchAction","target":{"@type":"EntryPoint","urlTemplate":"https:\/\/www.spinvet.com\/en\/?s={search_term_string}"},"query-input":{"@type":"PropertyValueSpecification","valueRequired":true,"valueName":"search_term_string"}}],"inLanguage":"en-US"},{"@type":"Organization","@id":"https:\/\/www.spinvet.com\/en\/#organization","name":"Spin","url":"https:\/\/www.spinvet.com\/en\/","logo":{"@type":"ImageObject","inLanguage":"en-US","@id":"https:\/\/www.spinvet.com\/en\/#\/schema\/logo\/image\/","url":"https:\/\/www.spinvet.com\/wp-content\/uploads\/LogoSpinInv.png","contentUrl":"https:\/\/www.spinvet.com\/wp-content\/uploads\/LogoSpinInv.png","width":101,"height":88,"caption":"Spin"},"image":{"@id":"https:\/\/www.spinvet.com\/en\/#\/schema\/logo\/image\/"}}]}},"_links":{"self":[{"href":"https:\/\/www.spinvet.com\/en\/wp-json\/wp\/v2\/pages\/2280","targetHints":{"allow":["GET"]}}],"collection":[{"href":"https:\/\/www.spinvet.com\/en\/wp-json\/wp\/v2\/pages"}],"about":[{"href":"https:\/\/www.spinvet.com\/en\/wp-json\/wp\/v2\/types\/page"}],"author":[{"embeddable":true,"href":"https:\/\/www.spinvet.com\/en\/wp-json\/wp\/v2\/users\/5726"}],"replies":[{"embeddable":true,"href":"https:\/\/www.spinvet.com\/en\/wp-json\/wp\/v2\/comments?post=2280"}],"version-history":[{"count":57,"href":"https:\/\/www.spinvet.com\/en\/wp-json\/wp\/v2\/pages\/2280\/revisions"}],"predecessor-version":[{"id":2383,"href":"https:\/\/www.spinvet.com\/en\/wp-json\/wp\/v2\/pages\/2280\/revisions\/2383"}],"wp:attachment":[{"href":"https:\/\/www.spinvet.com\/en\/wp-json\/wp\/v2\/media?parent=2280"}],"curies":[{"name":"wp","href":"https:\/\/api.w.org\/{rel}","templated":true}]}}