{"id":1605,"date":"2025-02-17T11:18:14","date_gmt":"2025-02-17T16:18:14","guid":{"rendered":"https:\/\/www.spinvet.com\/?post_type=product&#038;p=1605"},"modified":"2025-02-25T19:35:33","modified_gmt":"2025-02-26T00:35:33","slug":"delta-ionics","status":"publish","type":"product","link":"https:\/\/www.spinvet.com\/en\/product\/delta-ionics\/","title":{"rendered":"Delta Ionics +"},"content":{"rendered":"<p>DELTA-IONICS+ es un catalizador de reacciones biol\u00f3gicas, \u00fanico y natural, que mejora el desempe\u00f1o de los animales. Est\u00e1 elaborado con polvo mineral micronizado de Di\u00f3xido de Silicio (99,7%) de gran pureza, 100% natural y que est\u00e1 informado con un proceso energ\u00e9tico que ayuda a potenciar los intercambios i\u00f3nicos entre el agua y la materia. Se caracteriza por su mayor superficie de contacto, su estructura organizada y, sobre todo, su potencial de transferencia de energ\u00eda.<\/p>","protected":false},"excerpt":{"rendered":"<p>Atalizador de reacciones biol\u00f3gicas, \u00fanico y natural<\/p>","protected":false},"featured_media":1606,"comment_status":"open","ping_status":"closed","template":"","meta":{"_joinchat":[]},"product_brand":[],"product_cat":[25,43,24,44,45,26],"product_tag":[],"class_list":{"0":"post-1605","1":"product","2":"type-product","3":"status-publish","4":"has-post-thumbnail","6":"product_cat-avicultura","7":"product_cat-equinos","8":"product_cat-ganaderia","9":"product_cat-mascotas","10":"product_cat-piscicultura","11":"product_cat-porcicultura","13":"first","14":"instock","15":"shipping-taxable","16":"product-type-simple"},"yoast_head":"<!-- This site is optimized with the Yoast SEO plugin v27.1.1 - https:\/\/yoast.com\/product\/yoast-seo-wordpress\/ -->\n<title>Delta Ionics + - Spin<\/title>\n<meta name=\"robots\" content=\"index, follow, max-snippet:-1, max-image-preview:large, max-video-preview:-1\" \/>\n<link rel=\"canonical\" href=\"https:\/\/www.spinvet.com\/en\/product\/delta-ionics\/\" \/>\n<meta property=\"og:locale\" content=\"en_US\" \/>\n<meta property=\"og:type\" content=\"article\" \/>\n<meta property=\"og:title\" content=\"Delta Ionics + - Spin\" \/>\n<meta property=\"og:description\" content=\"Atalizador de reacciones biol\u00f3gicas, \u00fanico y natural\" \/>\n<meta property=\"og:url\" content=\"https:\/\/www.spinvet.com\/en\/product\/delta-ionics\/\" \/>\n<meta property=\"og:site_name\" content=\"Spin\" \/>\n<meta property=\"article:modified_time\" content=\"2025-02-26T00:35:33+00:00\" \/>\n<meta property=\"og:image\" content=\"https:\/\/www.spinvet.com\/wp-content\/uploads\/DELTA-IONICS-bag-1.png\" \/>\n\t<meta property=\"og:image:width\" content=\"300\" \/>\n\t<meta property=\"og:image:height\" content=\"300\" \/>\n\t<meta property=\"og:image:type\" content=\"image\/png\" \/>\n<meta name=\"twitter:card\" content=\"summary_large_image\" \/>\n<script type=\"application\/ld+json\" class=\"yoast-schema-graph\">{\"@context\":\"https:\/\/schema.org\",\"@graph\":[{\"@type\":\"WebPage\",\"@id\":\"https:\/\/www.spinvet.com\/producto\/delta-ionics\/\",\"url\":\"https:\/\/www.spinvet.com\/producto\/delta-ionics\/\",\"name\":\"Delta Ionics + - Spin\",\"isPartOf\":{\"@id\":\"https:\/\/www.spinvet.com\/en\/#website\"},\"primaryImageOfPage\":{\"@id\":\"https:\/\/www.spinvet.com\/producto\/delta-ionics\/#primaryimage\"},\"image\":{\"@id\":\"https:\/\/www.spinvet.com\/producto\/delta-ionics\/#primaryimage\"},\"thumbnailUrl\":\"https:\/\/www.spinvet.com\/wp-content\/uploads\/DELTA-IONICS-bag-1.png\",\"datePublished\":\"2025-02-17T16:18:14+00:00\",\"dateModified\":\"2025-02-26T00:35:33+00:00\",\"breadcrumb\":{\"@id\":\"https:\/\/www.spinvet.com\/producto\/delta-ionics\/#breadcrumb\"},\"inLanguage\":\"en-US\",\"potentialAction\":[{\"@type\":\"ReadAction\",\"target\":[\"https:\/\/www.spinvet.com\/producto\/delta-ionics\/\"]}]},{\"@type\":\"ImageObject\",\"inLanguage\":\"en-US\",\"@id\":\"https:\/\/www.spinvet.com\/producto\/delta-ionics\/#primaryimage\",\"url\":\"https:\/\/www.spinvet.com\/wp-content\/uploads\/DELTA-IONICS-bag-1.png\",\"contentUrl\":\"https:\/\/www.spinvet.com\/wp-content\/uploads\/DELTA-IONICS-bag-1.png\",\"width\":300,\"height\":300},{\"@type\":\"BreadcrumbList\",\"@id\":\"https:\/\/www.spinvet.com\/producto\/delta-ionics\/#breadcrumb\",\"itemListElement\":[{\"@type\":\"ListItem\",\"position\":1,\"name\":\"Home\",\"item\":\"https:\/\/www.spinvet.com\/\"},{\"@type\":\"ListItem\",\"position\":2,\"name\":\"Shop\",\"item\":\"https:\/\/www.spinvet.com\/shop\/\"},{\"@type\":\"ListItem\",\"position\":3,\"name\":\"Delta Ionics +\"}]},{\"@type\":\"WebSite\",\"@id\":\"https:\/\/www.spinvet.com\/en\/#website\",\"url\":\"https:\/\/www.spinvet.com\/en\/\",\"name\":\"Spin\",\"description\":\"Veterinaria\",\"publisher\":{\"@id\":\"https:\/\/www.spinvet.com\/en\/#organization\"},\"alternateName\":\"SPINVET\",\"potentialAction\":[{\"@type\":\"SearchAction\",\"target\":{\"@type\":\"EntryPoint\",\"urlTemplate\":\"https:\/\/www.spinvet.com\/en\/?s={search_term_string}\"},\"query-input\":{\"@type\":\"PropertyValueSpecification\",\"valueRequired\":true,\"valueName\":\"search_term_string\"}}],\"inLanguage\":\"en-US\"},{\"@type\":\"Organization\",\"@id\":\"https:\/\/www.spinvet.com\/en\/#organization\",\"name\":\"Spin\",\"url\":\"https:\/\/www.spinvet.com\/en\/\",\"logo\":{\"@type\":\"ImageObject\",\"inLanguage\":\"en-US\",\"@id\":\"https:\/\/www.spinvet.com\/en\/#\/schema\/logo\/image\/\",\"url\":\"https:\/\/www.spinvet.com\/wp-content\/uploads\/LogoSpinInv.png\",\"contentUrl\":\"https:\/\/www.spinvet.com\/wp-content\/uploads\/LogoSpinInv.png\",\"width\":101,\"height\":88,\"caption\":\"Spin\"},\"image\":{\"@id\":\"https:\/\/www.spinvet.com\/en\/#\/schema\/logo\/image\/\"}}]}<\/script>\n<!-- \/ Yoast SEO plugin. -->","yoast_head_json":{"title":"Delta Ionics + - Spin","robots":{"index":"index","follow":"follow","max-snippet":"max-snippet:-1","max-image-preview":"max-image-preview:large","max-video-preview":"max-video-preview:-1"},"canonical":"https:\/\/www.spinvet.com\/en\/product\/delta-ionics\/","og_locale":"en_US","og_type":"article","og_title":"Delta Ionics + - Spin","og_description":"Atalizador de reacciones biol\u00f3gicas, \u00fanico y natural","og_url":"https:\/\/www.spinvet.com\/en\/product\/delta-ionics\/","og_site_name":"Spin","article_modified_time":"2025-02-26T00:35:33+00:00","og_image":[{"width":300,"height":300,"url":"https:\/\/www.spinvet.com\/wp-content\/uploads\/DELTA-IONICS-bag-1.png","type":"image\/png"}],"twitter_card":"summary_large_image","schema":{"@context":"https:\/\/schema.org","@graph":[{"@type":"WebPage","@id":"https:\/\/www.spinvet.com\/producto\/delta-ionics\/","url":"https:\/\/www.spinvet.com\/producto\/delta-ionics\/","name":"Delta Ionics + - Spin","isPartOf":{"@id":"https:\/\/www.spinvet.com\/en\/#website"},"primaryImageOfPage":{"@id":"https:\/\/www.spinvet.com\/producto\/delta-ionics\/#primaryimage"},"image":{"@id":"https:\/\/www.spinvet.com\/producto\/delta-ionics\/#primaryimage"},"thumbnailUrl":"https:\/\/www.spinvet.com\/wp-content\/uploads\/DELTA-IONICS-bag-1.png","datePublished":"2025-02-17T16:18:14+00:00","dateModified":"2025-02-26T00:35:33+00:00","breadcrumb":{"@id":"https:\/\/www.spinvet.com\/producto\/delta-ionics\/#breadcrumb"},"inLanguage":"en-US","potentialAction":[{"@type":"ReadAction","target":["https:\/\/www.spinvet.com\/producto\/delta-ionics\/"]}]},{"@type":"ImageObject","inLanguage":"en-US","@id":"https:\/\/www.spinvet.com\/producto\/delta-ionics\/#primaryimage","url":"https:\/\/www.spinvet.com\/wp-content\/uploads\/DELTA-IONICS-bag-1.png","contentUrl":"https:\/\/www.spinvet.com\/wp-content\/uploads\/DELTA-IONICS-bag-1.png","width":300,"height":300},{"@type":"BreadcrumbList","@id":"https:\/\/www.spinvet.com\/producto\/delta-ionics\/#breadcrumb","itemListElement":[{"@type":"ListItem","position":1,"name":"Home","item":"https:\/\/www.spinvet.com\/"},{"@type":"ListItem","position":2,"name":"Shop","item":"https:\/\/www.spinvet.com\/shop\/"},{"@type":"ListItem","position":3,"name":"Delta Ionics +"}]},{"@type":"WebSite","@id":"https:\/\/www.spinvet.com\/en\/#website","url":"https:\/\/www.spinvet.com\/en\/","name":"Spin","description":"Veterinaria","publisher":{"@id":"https:\/\/www.spinvet.com\/en\/#organization"},"alternateName":"SPINVET","potentialAction":[{"@type":"SearchAction","target":{"@type":"EntryPoint","urlTemplate":"https:\/\/www.spinvet.com\/en\/?s={search_term_string}"},"query-input":{"@type":"PropertyValueSpecification","valueRequired":true,"valueName":"search_term_string"}}],"inLanguage":"en-US"},{"@type":"Organization","@id":"https:\/\/www.spinvet.com\/en\/#organization","name":"Spin","url":"https:\/\/www.spinvet.com\/en\/","logo":{"@type":"ImageObject","inLanguage":"en-US","@id":"https:\/\/www.spinvet.com\/en\/#\/schema\/logo\/image\/","url":"https:\/\/www.spinvet.com\/wp-content\/uploads\/LogoSpinInv.png","contentUrl":"https:\/\/www.spinvet.com\/wp-content\/uploads\/LogoSpinInv.png","width":101,"height":88,"caption":"Spin"},"image":{"@id":"https:\/\/www.spinvet.com\/en\/#\/schema\/logo\/image\/"}}]}},"_links":{"self":[{"href":"https:\/\/www.spinvet.com\/en\/wp-json\/wp\/v2\/product\/1605","targetHints":{"allow":["GET"]}}],"collection":[{"href":"https:\/\/www.spinvet.com\/en\/wp-json\/wp\/v2\/product"}],"about":[{"href":"https:\/\/www.spinvet.com\/en\/wp-json\/wp\/v2\/types\/product"}],"replies":[{"embeddable":true,"href":"https:\/\/www.spinvet.com\/en\/wp-json\/wp\/v2\/comments?post=1605"}],"wp:featuredmedia":[{"embeddable":true,"href":"https:\/\/www.spinvet.com\/en\/wp-json\/wp\/v2\/media\/1606"}],"wp:attachment":[{"href":"https:\/\/www.spinvet.com\/en\/wp-json\/wp\/v2\/media?parent=1605"}],"wp:term":[{"taxonomy":"product_brand","embeddable":true,"href":"https:\/\/www.spinvet.com\/en\/wp-json\/wp\/v2\/product_brand?post=1605"},{"taxonomy":"product_cat","embeddable":true,"href":"https:\/\/www.spinvet.com\/en\/wp-json\/wp\/v2\/product_cat?post=1605"},{"taxonomy":"product_tag","embeddable":true,"href":"https:\/\/www.spinvet.com\/en\/wp-json\/wp\/v2\/product_tag?post=1605"}],"curies":[{"name":"wp","href":"https:\/\/api.w.org\/{rel}","templated":true}]}}