{"id":1632,"date":"2025-02-17T12:33:52","date_gmt":"2025-02-17T17:33:52","guid":{"rendered":"https:\/\/www.spinvet.com\/?post_type=product&#038;p=1632"},"modified":"2025-02-25T20:03:10","modified_gmt":"2025-02-26T01:03:10","slug":"tanicid","status":"publish","type":"product","link":"https:\/\/www.spinvet.com\/en\/product\/tanicid\/","title":{"rendered":"Tanicid"},"content":{"rendered":"<p>Tanicid es un aditivo acidificante con una mezcla de mono, di y triglic\u00e9ridos de \u00e1cido but\u00edrico, mejorador de la eficiencia alimenticia, para ser suministrado a aves de corral y cerdos en todas sus etapas productivas. Adem\u00e1s posee un efecto astringente por la inclusi\u00f3n de taninos en su f\u00f3rmula.<\/p>","protected":false},"excerpt":{"rendered":"<p>Aditivo acidificante con una mezcla de mono, di y triglic\u00e9ridos de \u00e1cido but\u00edrico<\/p>","protected":false},"featured_media":1633,"comment_status":"open","ping_status":"closed","template":"","meta":{"_joinchat":[]},"product_brand":[],"product_cat":[25,26],"product_tag":[],"class_list":{"0":"post-1632","1":"product","2":"type-product","3":"status-publish","4":"has-post-thumbnail","6":"product_cat-avicultura","7":"product_cat-porcicultura","9":"first","10":"instock","11":"shipping-taxable","12":"product-type-simple"},"yoast_head":"<!-- This site is optimized with the Yoast SEO plugin v27.5 - https:\/\/yoast.com\/product\/yoast-seo-wordpress\/ -->\n<title>Tanicid - Spin<\/title>\n<meta name=\"robots\" content=\"index, follow, max-snippet:-1, max-image-preview:large, max-video-preview:-1\" \/>\n<link rel=\"canonical\" href=\"https:\/\/www.spinvet.com\/en\/product\/tanicid\/\" \/>\n<meta property=\"og:locale\" content=\"en_US\" \/>\n<meta property=\"og:type\" content=\"article\" \/>\n<meta property=\"og:title\" content=\"Tanicid - Spin\" \/>\n<meta property=\"og:description\" content=\"Aditivo acidificante con una mezcla de mono, di y triglic\u00e9ridos de \u00e1cido but\u00edrico\" \/>\n<meta property=\"og:url\" content=\"https:\/\/www.spinvet.com\/en\/product\/tanicid\/\" \/>\n<meta property=\"og:site_name\" content=\"Spin\" \/>\n<meta property=\"article:modified_time\" content=\"2025-02-26T01:03:10+00:00\" \/>\n<meta property=\"og:image\" content=\"https:\/\/www.spinvet.com\/wp-content\/uploads\/Tanicid.png\" \/>\n\t<meta property=\"og:image:width\" content=\"300\" \/>\n\t<meta property=\"og:image:height\" content=\"300\" \/>\n\t<meta property=\"og:image:type\" content=\"image\/png\" \/>\n<meta name=\"twitter:card\" content=\"summary_large_image\" \/>\n<script type=\"application\/ld+json\" class=\"yoast-schema-graph\">{\"@context\":\"https:\\\/\\\/schema.org\",\"@graph\":[{\"@type\":\"WebPage\",\"@id\":\"https:\\\/\\\/www.spinvet.com\\\/producto\\\/tanicid\\\/\",\"url\":\"https:\\\/\\\/www.spinvet.com\\\/producto\\\/tanicid\\\/\",\"name\":\"Tanicid - Spin\",\"isPartOf\":{\"@id\":\"https:\\\/\\\/www.spinvet.com\\\/en\\\/#website\"},\"primaryImageOfPage\":{\"@id\":\"https:\\\/\\\/www.spinvet.com\\\/producto\\\/tanicid\\\/#primaryimage\"},\"image\":{\"@id\":\"https:\\\/\\\/www.spinvet.com\\\/producto\\\/tanicid\\\/#primaryimage\"},\"thumbnailUrl\":\"https:\\\/\\\/www.spinvet.com\\\/wp-content\\\/uploads\\\/Tanicid.png\",\"datePublished\":\"2025-02-17T17:33:52+00:00\",\"dateModified\":\"2025-02-26T01:03:10+00:00\",\"breadcrumb\":{\"@id\":\"https:\\\/\\\/www.spinvet.com\\\/producto\\\/tanicid\\\/#breadcrumb\"},\"inLanguage\":\"en-US\",\"potentialAction\":[{\"@type\":\"ReadAction\",\"target\":[\"https:\\\/\\\/www.spinvet.com\\\/producto\\\/tanicid\\\/\"]}]},{\"@type\":\"ImageObject\",\"inLanguage\":\"en-US\",\"@id\":\"https:\\\/\\\/www.spinvet.com\\\/producto\\\/tanicid\\\/#primaryimage\",\"url\":\"https:\\\/\\\/www.spinvet.com\\\/wp-content\\\/uploads\\\/Tanicid.png\",\"contentUrl\":\"https:\\\/\\\/www.spinvet.com\\\/wp-content\\\/uploads\\\/Tanicid.png\",\"width\":300,\"height\":300},{\"@type\":\"BreadcrumbList\",\"@id\":\"https:\\\/\\\/www.spinvet.com\\\/producto\\\/tanicid\\\/#breadcrumb\",\"itemListElement\":[{\"@type\":\"ListItem\",\"position\":1,\"name\":\"Home\",\"item\":\"https:\\\/\\\/www.spinvet.com\\\/\"},{\"@type\":\"ListItem\",\"position\":2,\"name\":\"Shop\",\"item\":\"https:\\\/\\\/www.spinvet.com\\\/shop\\\/\"},{\"@type\":\"ListItem\",\"position\":3,\"name\":\"Tanicid\"}]},{\"@type\":\"WebSite\",\"@id\":\"https:\\\/\\\/www.spinvet.com\\\/en\\\/#website\",\"url\":\"https:\\\/\\\/www.spinvet.com\\\/en\\\/\",\"name\":\"Spin\",\"description\":\"Veterinaria\",\"publisher\":{\"@id\":\"https:\\\/\\\/www.spinvet.com\\\/en\\\/#organization\"},\"alternateName\":\"SPINVET\",\"potentialAction\":[{\"@type\":\"SearchAction\",\"target\":{\"@type\":\"EntryPoint\",\"urlTemplate\":\"https:\\\/\\\/www.spinvet.com\\\/en\\\/?s={search_term_string}\"},\"query-input\":{\"@type\":\"PropertyValueSpecification\",\"valueRequired\":true,\"valueName\":\"search_term_string\"}}],\"inLanguage\":\"en-US\"},{\"@type\":\"Organization\",\"@id\":\"https:\\\/\\\/www.spinvet.com\\\/en\\\/#organization\",\"name\":\"Spin\",\"url\":\"https:\\\/\\\/www.spinvet.com\\\/en\\\/\",\"logo\":{\"@type\":\"ImageObject\",\"inLanguage\":\"en-US\",\"@id\":\"https:\\\/\\\/www.spinvet.com\\\/en\\\/#\\\/schema\\\/logo\\\/image\\\/\",\"url\":\"https:\\\/\\\/www.spinvet.com\\\/wp-content\\\/uploads\\\/LogoSpinInv.png\",\"contentUrl\":\"https:\\\/\\\/www.spinvet.com\\\/wp-content\\\/uploads\\\/LogoSpinInv.png\",\"width\":101,\"height\":88,\"caption\":\"Spin\"},\"image\":{\"@id\":\"https:\\\/\\\/www.spinvet.com\\\/en\\\/#\\\/schema\\\/logo\\\/image\\\/\"}}]}<\/script>\n<!-- \/ Yoast SEO plugin. -->","yoast_head_json":{"title":"Tanicid - Spin","robots":{"index":"index","follow":"follow","max-snippet":"max-snippet:-1","max-image-preview":"max-image-preview:large","max-video-preview":"max-video-preview:-1"},"canonical":"https:\/\/www.spinvet.com\/en\/product\/tanicid\/","og_locale":"en_US","og_type":"article","og_title":"Tanicid - Spin","og_description":"Aditivo acidificante con una mezcla de mono, di y triglic\u00e9ridos de \u00e1cido but\u00edrico","og_url":"https:\/\/www.spinvet.com\/en\/product\/tanicid\/","og_site_name":"Spin","article_modified_time":"2025-02-26T01:03:10+00:00","og_image":[{"width":300,"height":300,"url":"https:\/\/www.spinvet.com\/wp-content\/uploads\/Tanicid.png","type":"image\/png"}],"twitter_card":"summary_large_image","schema":{"@context":"https:\/\/schema.org","@graph":[{"@type":"WebPage","@id":"https:\/\/www.spinvet.com\/producto\/tanicid\/","url":"https:\/\/www.spinvet.com\/producto\/tanicid\/","name":"Tanicid - Spin","isPartOf":{"@id":"https:\/\/www.spinvet.com\/en\/#website"},"primaryImageOfPage":{"@id":"https:\/\/www.spinvet.com\/producto\/tanicid\/#primaryimage"},"image":{"@id":"https:\/\/www.spinvet.com\/producto\/tanicid\/#primaryimage"},"thumbnailUrl":"https:\/\/www.spinvet.com\/wp-content\/uploads\/Tanicid.png","datePublished":"2025-02-17T17:33:52+00:00","dateModified":"2025-02-26T01:03:10+00:00","breadcrumb":{"@id":"https:\/\/www.spinvet.com\/producto\/tanicid\/#breadcrumb"},"inLanguage":"en-US","potentialAction":[{"@type":"ReadAction","target":["https:\/\/www.spinvet.com\/producto\/tanicid\/"]}]},{"@type":"ImageObject","inLanguage":"en-US","@id":"https:\/\/www.spinvet.com\/producto\/tanicid\/#primaryimage","url":"https:\/\/www.spinvet.com\/wp-content\/uploads\/Tanicid.png","contentUrl":"https:\/\/www.spinvet.com\/wp-content\/uploads\/Tanicid.png","width":300,"height":300},{"@type":"BreadcrumbList","@id":"https:\/\/www.spinvet.com\/producto\/tanicid\/#breadcrumb","itemListElement":[{"@type":"ListItem","position":1,"name":"Home","item":"https:\/\/www.spinvet.com\/"},{"@type":"ListItem","position":2,"name":"Shop","item":"https:\/\/www.spinvet.com\/shop\/"},{"@type":"ListItem","position":3,"name":"Tanicid"}]},{"@type":"WebSite","@id":"https:\/\/www.spinvet.com\/en\/#website","url":"https:\/\/www.spinvet.com\/en\/","name":"Spin","description":"Veterinaria","publisher":{"@id":"https:\/\/www.spinvet.com\/en\/#organization"},"alternateName":"SPINVET","potentialAction":[{"@type":"SearchAction","target":{"@type":"EntryPoint","urlTemplate":"https:\/\/www.spinvet.com\/en\/?s={search_term_string}"},"query-input":{"@type":"PropertyValueSpecification","valueRequired":true,"valueName":"search_term_string"}}],"inLanguage":"en-US"},{"@type":"Organization","@id":"https:\/\/www.spinvet.com\/en\/#organization","name":"Spin","url":"https:\/\/www.spinvet.com\/en\/","logo":{"@type":"ImageObject","inLanguage":"en-US","@id":"https:\/\/www.spinvet.com\/en\/#\/schema\/logo\/image\/","url":"https:\/\/www.spinvet.com\/wp-content\/uploads\/LogoSpinInv.png","contentUrl":"https:\/\/www.spinvet.com\/wp-content\/uploads\/LogoSpinInv.png","width":101,"height":88,"caption":"Spin"},"image":{"@id":"https:\/\/www.spinvet.com\/en\/#\/schema\/logo\/image\/"}}]}},"_links":{"self":[{"href":"https:\/\/www.spinvet.com\/en\/wp-json\/wp\/v2\/product\/1632","targetHints":{"allow":["GET"]}}],"collection":[{"href":"https:\/\/www.spinvet.com\/en\/wp-json\/wp\/v2\/product"}],"about":[{"href":"https:\/\/www.spinvet.com\/en\/wp-json\/wp\/v2\/types\/product"}],"replies":[{"embeddable":true,"href":"https:\/\/www.spinvet.com\/en\/wp-json\/wp\/v2\/comments?post=1632"}],"wp:featuredmedia":[{"embeddable":true,"href":"https:\/\/www.spinvet.com\/en\/wp-json\/wp\/v2\/media\/1633"}],"wp:attachment":[{"href":"https:\/\/www.spinvet.com\/en\/wp-json\/wp\/v2\/media?parent=1632"}],"wp:term":[{"taxonomy":"product_brand","embeddable":true,"href":"https:\/\/www.spinvet.com\/en\/wp-json\/wp\/v2\/product_brand?post=1632"},{"taxonomy":"product_cat","embeddable":true,"href":"https:\/\/www.spinvet.com\/en\/wp-json\/wp\/v2\/product_cat?post=1632"},{"taxonomy":"product_tag","embeddable":true,"href":"https:\/\/www.spinvet.com\/en\/wp-json\/wp\/v2\/product_tag?post=1632"}],"curies":[{"name":"wp","href":"https:\/\/api.w.org\/{rel}","templated":true}]}}