{"id":1634,"date":"2025-02-17T13:13:06","date_gmt":"2025-02-17T18:13:06","guid":{"rendered":"https:\/\/www.spinvet.com\/?post_type=product&#038;p=1634"},"modified":"2025-02-25T20:09:39","modified_gmt":"2025-02-26T01:09:39","slug":"x-zelit","status":"publish","type":"product","link":"https:\/\/www.spinvet.com\/en\/product\/x-zelit\/","title":{"rendered":"X-Zelit"},"content":{"rendered":"<p>X-Zelit es un aluminosilicato de sodio sint\u00e9tico, con una gran capacidad de secuestrar el f\u00f3sforo y el calcio de la dieta. Al suministrarlo en el pre-parto permite un r\u00e1pido incremento del calcio sangu\u00edneo al momento del parto, reduciendo la fiebre de leche y la hipocalcemia subcl\u00ednica.<\/p>","protected":false},"excerpt":{"rendered":"<p>Aluminosilicato de sodio sint\u00e9tico<\/p>","protected":false},"featured_media":1635,"comment_status":"open","ping_status":"closed","template":"","meta":{"_joinchat":[]},"product_brand":[],"product_cat":[24],"product_tag":[],"class_list":{"0":"post-1634","1":"product","2":"type-product","3":"status-publish","4":"has-post-thumbnail","6":"product_cat-ganaderia","8":"first","9":"instock","10":"shipping-taxable","11":"product-type-simple"},"yoast_head":"<!-- This site is optimized with the Yoast SEO plugin v27.5 - https:\/\/yoast.com\/product\/yoast-seo-wordpress\/ -->\n<title>X-Zelit - Spin<\/title>\n<meta name=\"robots\" content=\"index, follow, max-snippet:-1, max-image-preview:large, max-video-preview:-1\" \/>\n<link rel=\"canonical\" href=\"https:\/\/www.spinvet.com\/en\/product\/x-zelit\/\" \/>\n<meta property=\"og:locale\" content=\"en_US\" \/>\n<meta property=\"og:type\" content=\"article\" \/>\n<meta property=\"og:title\" content=\"X-Zelit - Spin\" \/>\n<meta property=\"og:description\" content=\"Aluminosilicato de sodio sint\u00e9tico\" \/>\n<meta property=\"og:url\" content=\"https:\/\/www.spinvet.com\/en\/product\/x-zelit\/\" \/>\n<meta property=\"og:site_name\" content=\"Spin\" \/>\n<meta property=\"article:modified_time\" content=\"2025-02-26T01:09:39+00:00\" \/>\n<meta property=\"og:image\" content=\"https:\/\/www.spinvet.com\/wp-content\/uploads\/x-zelit.png\" \/>\n\t<meta property=\"og:image:width\" content=\"300\" \/>\n\t<meta property=\"og:image:height\" content=\"300\" \/>\n\t<meta property=\"og:image:type\" content=\"image\/png\" \/>\n<meta name=\"twitter:card\" content=\"summary_large_image\" \/>\n<script type=\"application\/ld+json\" class=\"yoast-schema-graph\">{\"@context\":\"https:\\\/\\\/schema.org\",\"@graph\":[{\"@type\":\"WebPage\",\"@id\":\"https:\\\/\\\/www.spinvet.com\\\/producto\\\/x-zelit\\\/\",\"url\":\"https:\\\/\\\/www.spinvet.com\\\/producto\\\/x-zelit\\\/\",\"name\":\"X-Zelit - Spin\",\"isPartOf\":{\"@id\":\"https:\\\/\\\/www.spinvet.com\\\/en\\\/#website\"},\"primaryImageOfPage\":{\"@id\":\"https:\\\/\\\/www.spinvet.com\\\/producto\\\/x-zelit\\\/#primaryimage\"},\"image\":{\"@id\":\"https:\\\/\\\/www.spinvet.com\\\/producto\\\/x-zelit\\\/#primaryimage\"},\"thumbnailUrl\":\"https:\\\/\\\/www.spinvet.com\\\/wp-content\\\/uploads\\\/x-zelit.png\",\"datePublished\":\"2025-02-17T18:13:06+00:00\",\"dateModified\":\"2025-02-26T01:09:39+00:00\",\"breadcrumb\":{\"@id\":\"https:\\\/\\\/www.spinvet.com\\\/producto\\\/x-zelit\\\/#breadcrumb\"},\"inLanguage\":\"en-US\",\"potentialAction\":[{\"@type\":\"ReadAction\",\"target\":[\"https:\\\/\\\/www.spinvet.com\\\/producto\\\/x-zelit\\\/\"]}]},{\"@type\":\"ImageObject\",\"inLanguage\":\"en-US\",\"@id\":\"https:\\\/\\\/www.spinvet.com\\\/producto\\\/x-zelit\\\/#primaryimage\",\"url\":\"https:\\\/\\\/www.spinvet.com\\\/wp-content\\\/uploads\\\/x-zelit.png\",\"contentUrl\":\"https:\\\/\\\/www.spinvet.com\\\/wp-content\\\/uploads\\\/x-zelit.png\",\"width\":300,\"height\":300},{\"@type\":\"BreadcrumbList\",\"@id\":\"https:\\\/\\\/www.spinvet.com\\\/producto\\\/x-zelit\\\/#breadcrumb\",\"itemListElement\":[{\"@type\":\"ListItem\",\"position\":1,\"name\":\"Home\",\"item\":\"https:\\\/\\\/www.spinvet.com\\\/\"},{\"@type\":\"ListItem\",\"position\":2,\"name\":\"Shop\",\"item\":\"https:\\\/\\\/www.spinvet.com\\\/shop\\\/\"},{\"@type\":\"ListItem\",\"position\":3,\"name\":\"X-Zelit\"}]},{\"@type\":\"WebSite\",\"@id\":\"https:\\\/\\\/www.spinvet.com\\\/en\\\/#website\",\"url\":\"https:\\\/\\\/www.spinvet.com\\\/en\\\/\",\"name\":\"Spin\",\"description\":\"Veterinaria\",\"publisher\":{\"@id\":\"https:\\\/\\\/www.spinvet.com\\\/en\\\/#organization\"},\"alternateName\":\"SPINVET\",\"potentialAction\":[{\"@type\":\"SearchAction\",\"target\":{\"@type\":\"EntryPoint\",\"urlTemplate\":\"https:\\\/\\\/www.spinvet.com\\\/en\\\/?s={search_term_string}\"},\"query-input\":{\"@type\":\"PropertyValueSpecification\",\"valueRequired\":true,\"valueName\":\"search_term_string\"}}],\"inLanguage\":\"en-US\"},{\"@type\":\"Organization\",\"@id\":\"https:\\\/\\\/www.spinvet.com\\\/en\\\/#organization\",\"name\":\"Spin\",\"url\":\"https:\\\/\\\/www.spinvet.com\\\/en\\\/\",\"logo\":{\"@type\":\"ImageObject\",\"inLanguage\":\"en-US\",\"@id\":\"https:\\\/\\\/www.spinvet.com\\\/en\\\/#\\\/schema\\\/logo\\\/image\\\/\",\"url\":\"https:\\\/\\\/www.spinvet.com\\\/wp-content\\\/uploads\\\/LogoSpinInv.png\",\"contentUrl\":\"https:\\\/\\\/www.spinvet.com\\\/wp-content\\\/uploads\\\/LogoSpinInv.png\",\"width\":101,\"height\":88,\"caption\":\"Spin\"},\"image\":{\"@id\":\"https:\\\/\\\/www.spinvet.com\\\/en\\\/#\\\/schema\\\/logo\\\/image\\\/\"}}]}<\/script>\n<!-- \/ Yoast SEO plugin. -->","yoast_head_json":{"title":"X-Zelit - Spin","robots":{"index":"index","follow":"follow","max-snippet":"max-snippet:-1","max-image-preview":"max-image-preview:large","max-video-preview":"max-video-preview:-1"},"canonical":"https:\/\/www.spinvet.com\/en\/product\/x-zelit\/","og_locale":"en_US","og_type":"article","og_title":"X-Zelit - Spin","og_description":"Aluminosilicato de sodio sint\u00e9tico","og_url":"https:\/\/www.spinvet.com\/en\/product\/x-zelit\/","og_site_name":"Spin","article_modified_time":"2025-02-26T01:09:39+00:00","og_image":[{"width":300,"height":300,"url":"https:\/\/www.spinvet.com\/wp-content\/uploads\/x-zelit.png","type":"image\/png"}],"twitter_card":"summary_large_image","schema":{"@context":"https:\/\/schema.org","@graph":[{"@type":"WebPage","@id":"https:\/\/www.spinvet.com\/producto\/x-zelit\/","url":"https:\/\/www.spinvet.com\/producto\/x-zelit\/","name":"X-Zelit - Spin","isPartOf":{"@id":"https:\/\/www.spinvet.com\/en\/#website"},"primaryImageOfPage":{"@id":"https:\/\/www.spinvet.com\/producto\/x-zelit\/#primaryimage"},"image":{"@id":"https:\/\/www.spinvet.com\/producto\/x-zelit\/#primaryimage"},"thumbnailUrl":"https:\/\/www.spinvet.com\/wp-content\/uploads\/x-zelit.png","datePublished":"2025-02-17T18:13:06+00:00","dateModified":"2025-02-26T01:09:39+00:00","breadcrumb":{"@id":"https:\/\/www.spinvet.com\/producto\/x-zelit\/#breadcrumb"},"inLanguage":"en-US","potentialAction":[{"@type":"ReadAction","target":["https:\/\/www.spinvet.com\/producto\/x-zelit\/"]}]},{"@type":"ImageObject","inLanguage":"en-US","@id":"https:\/\/www.spinvet.com\/producto\/x-zelit\/#primaryimage","url":"https:\/\/www.spinvet.com\/wp-content\/uploads\/x-zelit.png","contentUrl":"https:\/\/www.spinvet.com\/wp-content\/uploads\/x-zelit.png","width":300,"height":300},{"@type":"BreadcrumbList","@id":"https:\/\/www.spinvet.com\/producto\/x-zelit\/#breadcrumb","itemListElement":[{"@type":"ListItem","position":1,"name":"Home","item":"https:\/\/www.spinvet.com\/"},{"@type":"ListItem","position":2,"name":"Shop","item":"https:\/\/www.spinvet.com\/shop\/"},{"@type":"ListItem","position":3,"name":"X-Zelit"}]},{"@type":"WebSite","@id":"https:\/\/www.spinvet.com\/en\/#website","url":"https:\/\/www.spinvet.com\/en\/","name":"Spin","description":"Veterinaria","publisher":{"@id":"https:\/\/www.spinvet.com\/en\/#organization"},"alternateName":"SPINVET","potentialAction":[{"@type":"SearchAction","target":{"@type":"EntryPoint","urlTemplate":"https:\/\/www.spinvet.com\/en\/?s={search_term_string}"},"query-input":{"@type":"PropertyValueSpecification","valueRequired":true,"valueName":"search_term_string"}}],"inLanguage":"en-US"},{"@type":"Organization","@id":"https:\/\/www.spinvet.com\/en\/#organization","name":"Spin","url":"https:\/\/www.spinvet.com\/en\/","logo":{"@type":"ImageObject","inLanguage":"en-US","@id":"https:\/\/www.spinvet.com\/en\/#\/schema\/logo\/image\/","url":"https:\/\/www.spinvet.com\/wp-content\/uploads\/LogoSpinInv.png","contentUrl":"https:\/\/www.spinvet.com\/wp-content\/uploads\/LogoSpinInv.png","width":101,"height":88,"caption":"Spin"},"image":{"@id":"https:\/\/www.spinvet.com\/en\/#\/schema\/logo\/image\/"}}]}},"_links":{"self":[{"href":"https:\/\/www.spinvet.com\/en\/wp-json\/wp\/v2\/product\/1634","targetHints":{"allow":["GET"]}}],"collection":[{"href":"https:\/\/www.spinvet.com\/en\/wp-json\/wp\/v2\/product"}],"about":[{"href":"https:\/\/www.spinvet.com\/en\/wp-json\/wp\/v2\/types\/product"}],"replies":[{"embeddable":true,"href":"https:\/\/www.spinvet.com\/en\/wp-json\/wp\/v2\/comments?post=1634"}],"wp:featuredmedia":[{"embeddable":true,"href":"https:\/\/www.spinvet.com\/en\/wp-json\/wp\/v2\/media\/1635"}],"wp:attachment":[{"href":"https:\/\/www.spinvet.com\/en\/wp-json\/wp\/v2\/media?parent=1634"}],"wp:term":[{"taxonomy":"product_brand","embeddable":true,"href":"https:\/\/www.spinvet.com\/en\/wp-json\/wp\/v2\/product_brand?post=1634"},{"taxonomy":"product_cat","embeddable":true,"href":"https:\/\/www.spinvet.com\/en\/wp-json\/wp\/v2\/product_cat?post=1634"},{"taxonomy":"product_tag","embeddable":true,"href":"https:\/\/www.spinvet.com\/en\/wp-json\/wp\/v2\/product_tag?post=1634"}],"curies":[{"name":"wp","href":"https:\/\/api.w.org\/{rel}","templated":true}]}}